{"id":119,"date":"2019-03-28T16:34:57","date_gmt":"2019-03-28T15:34:57","guid":{"rendered":"http:\/\/elexim.net\/elektromobilita\/?page_id=119"},"modified":"2020-02-02T18:24:37","modified_gmt":"2020-02-02T17:24:37","slug":"o-spolecnosti","status":"publish","type":"page","link":"https:\/\/elexim.net\/elektromobilita\/o-spolecnosti\/","title":{"rendered":"O spole\u010dnosti"},"content":{"rendered":"<h2>\u010c\u00edm se spole\u010dnost ELEXIM zab\u00fdv\u00e1?<\/h2>\n<p>Spole\u010dnost byla zalo\u017eena roku 1999 se 100% \u010desk\u00fdm vlastnictv\u00edm. D\u00edky d\u016frazu na vysokou kvalitu a spolehlivost se ji\u017e od po\u010d\u00e1tku z jednor\u00e1zov\u00fdch obchodn\u00edch p\u0159\u00edpad\u016f st\u00e1vaj\u00ed opakovan\u00e9 projekty a z n\u00e1hodn\u00fdch z\u00e1kazn\u00edk\u016f dlouholet\u00ed partne\u0159i. Vznik\u00e1 prvn\u00ed Divize Elektrotechniky jako spolehliv\u00fd dodavatel elektrotechniky pro pr\u016fmysl a vybaven\u00ed budov.<\/p>\n<p>Spole\u010dnost za\u010dala z\u00e1hy pronikat i na zahrani\u010dn\u00ed trhy a nyn\u00ed se ji\u017e v r\u00e1mci \u00fasp\u011b\u0161n\u00e9ho rozvoje zam\u011b\u0159uje na zakl\u00e1d\u00e1n\u00ed dce\u0159in\u00fdch spole\u010dnost\u00ed. Nastaven\u00e1 politika kvality umo\u017enila vznik Divize Speci\u00e1ln\u00edch Aplikac\u00ed, kde se \u017eivotnost projekt\u016f po\u010d\u00edtaj\u00ed na desetilet\u00ed. Divize se specializuje na aplikace do n\u00e1ro\u010dn\u00fdch a velmi specifick\u00fdch prost\u0159ed\u00ed jako nap\u0159\u00edklad prim\u00e1rn\u00ed hermetick\u00e9 z\u00f3ny jadern\u00e9 elektr\u00e1rny, projekty obrany a letectv\u00ed. V r\u00e1mci dod\u00e1vek krom\u011b vlastn\u00ed v\u00fdroby zabezpe\u010dujeme i v\u00fdhradn\u00ed zastoupen\u00ed vybran\u00fdch partner\u016f.<\/p>\n<p>Nejnov\u011bj\u0161\u00edm p\u0159\u00edr\u016fstkem do rodiny Eleximu je Divize Elektromobility, kter\u00e1 sleduje posledn\u00ed trendy v oblasti nab\u00edjec\u00edch stanic a elektromobility. Portfolio slu\u017eeb a produkt\u016f za\u010d\u00edn\u00e1 u internetov\u00e9ho prodeje wallboxu a kon\u010d\u00ed v\u00fdstavbou komplexn\u00edch syst\u00e9m\u016f na kl\u00ed\u010d v\u010detn\u011b obslu\u017en\u00e9ho softwaru a garance dostupnosti.<\/p>\n<div class=\"container timeline\">\n<div class=\"row\">\n<div class=\"col-xl-12\">\n<h3>N\u00e1\u0161 p\u0159\u00edb\u011bh<\/h3>\n<ul>\n<li>\n<div>\n<p><strong>1999 <\/strong>Zalo\u017een\u00ed spole\u010dnosti ELEXIM, s.r.o.<\/p>\n<\/div>\n<\/li>\n<li>\n<div>\n<p><strong>2000 <\/strong>Na\u0161e spole\u010dnost se stala ofici\u00e1ln\u00ed distributorem ABB<\/p>\n<\/div>\n<\/li>\n<li>\n<div>\n<p><strong>2006 <\/strong>Z\u00edsk\u00e1n\u00ed ofici\u00e1ln\u00edho zastoupen\u00ed produkt\u016f Schneider Electric<\/p>\n<\/div>\n<\/li>\n<li>\n<div>\n<p><strong>2008<\/strong> V roce 2008 zalo\u017eena dce\u0159inn\u00e1 firma EuroEnergoServis S.O.O.O. v b\u011blorusk\u00e9m Minsku.<\/p>\n<\/div>\n<\/li>\n<li>\n<div>\n<p><strong>2011<\/strong> Z\u00edsk\u00e1n\u00ed certifik\u00e1tu ISO 9001: 2008<\/p>\n<\/div>\n<\/li>\n<li>\n<div>\n<p><strong>2013<\/strong> Zm\u011bna pr\u00e1vn\u00ed formy ze spole\u010dnosti s.r.o. na akciovou spole\u010dnost.<\/p>\n<\/div>\n<\/li>\n<li>\n<div>\n<p><strong>2014<\/strong> Zalo\u017eena pobo\u010dka v Ma\u010farsku.<\/p>\n<\/div>\n<\/li>\n<li>\n<div>\n<p><strong>2014<\/strong> Stali jsme se \u010dleny Asociace pro v\u00fdzkum a jedernou bezpe\u010dnost NUGENIA<\/p>\n<\/div>\n<\/li>\n<li>\n<div>\n<p><strong>2016<\/strong> Zalo\u017eena pobo\u010dka v Egypt\u011b<\/p>\n<\/div>\n<\/li>\n<li>\n<div>\n<p><strong>2017<\/strong> Stali jsme se distributorem nab\u00edjec\u00edch stanic Circontrol<\/p>\n<\/div>\n<\/li>\n<li>\n<div>\n<p><strong>2017<\/strong> Stali jsme se v\u00fdhradn\u00edm dodavatelem Noja Power<\/p>\n<\/div>\n<\/li>\n<li>\n<div>\n<p><strong>2018<\/strong> Stali jsme se certifikovan\u00fdm partnerem spole\u010dnosti ABB<\/p>\n<\/div>\n<\/li>\n<\/ul>\n<\/div>\n<\/div>\n<\/div>\n","protected":false},"excerpt":{"rendered":"<p>\u010c\u00edm se spole\u010dnost ELEXIM zab\u00fdv\u00e1? Spole\u010dnost byla zalo\u017eena roku 1999 se 100% \u010desk\u00fdm vlastnictv\u00edm. D\u00edky d\u016frazu na vysokou kvalitu a spolehlivost se ji\u017e od po\u010d\u00e1tku z jednor\u00e1zov\u00fdch obchodn\u00edch p\u0159\u00edpad\u016f st\u00e1vaj\u00ed&nbsp;&#8230;<\/p>\n","protected":false},"author":1,"featured_media":0,"parent":0,"menu_order":0,"comment_status":"closed","ping_status":"closed","template":"","meta":[],"yoast_head":"<!-- This site is optimized with the Yoast SEO plugin v16.2 - https:\/\/yoast.com\/wordpress\/plugins\/seo\/ -->\n<meta name=\"robots\" content=\"index, follow, max-snippet:-1, max-image-preview:large, max-video-preview:-1\" \/>\n<link rel=\"canonical\" href=\"https:\/\/elexim.net\/elektromobilita\/o-spolecnosti\/\" \/>\n<meta property=\"og:locale\" content=\"cs_CZ\" \/>\n<meta property=\"og:type\" content=\"article\" \/>\n<meta property=\"og:title\" content=\"O spole\u010dnosti - ELEXIM - Elektromobilita\" \/>\n<meta property=\"og:description\" content=\"\u010c\u00edm se spole\u010dnost ELEXIM zab\u00fdv\u00e1? Spole\u010dnost byla zalo\u017eena roku 1999 se 100% \u010desk\u00fdm vlastnictv\u00edm. D\u00edky d\u016frazu na vysokou kvalitu a spolehlivost se ji\u017e od po\u010d\u00e1tku z jednor\u00e1zov\u00fdch obchodn\u00edch p\u0159\u00edpad\u016f st\u00e1vaj\u00ed&nbsp;...\" \/>\n<meta property=\"og:url\" content=\"https:\/\/elexim.net\/elektromobilita\/o-spolecnosti\/\" \/>\n<meta property=\"og:site_name\" content=\"ELEXIM - Elektromobilita\" \/>\n<meta property=\"article:publisher\" content=\"https:\/\/www.facebook.com\/eleximemobilita\/\" \/>\n<meta property=\"article:modified_time\" content=\"2020-02-02T17:24:37+00:00\" \/>\n<meta name=\"twitter:card\" content=\"summary_large_image\" \/>\n<meta name=\"twitter:label1\" content=\"Odhadovan\u00e1 doba \u010dten\u00ed\">\n\t<meta name=\"twitter:data1\" content=\"2 minuty\">\n<script type=\"application\/ld+json\" class=\"yoast-schema-graph\">{\"@context\":\"https:\/\/schema.org\",\"@graph\":[{\"@type\":\"WebSite\",\"@id\":\"https:\/\/elexim.net\/elektromobilita\/#website\",\"url\":\"https:\/\/elexim.net\/elektromobilita\/\",\"name\":\"ELEXIM - Elektromobilita\",\"description\":\"Nab\\u00edz\\u00edme kompletn\\u00ed sortiment a \\u0159e\\u0161en\\u00ed v\\u00fdrobc\\u016f CIRCONTROL a APLITRONIC \\u2013 co\\u017e jsou nab\\u00edjec\\u00ed stanice, kter\\u00e9 dok\\u00e1zaly svou stabilitu, vysokou kvalitu materi\\u00e1l\\u016f a proveden\\u00ed. D\\u00edky tomu jsou spolehliv\\u00e9 pro jak\\u00fdkoliv provoz.\",\"potentialAction\":[{\"@type\":\"SearchAction\",\"target\":\"https:\/\/elexim.net\/elektromobilita\/?s={search_term_string}\",\"query-input\":\"required name=search_term_string\"}],\"inLanguage\":\"cs\"},{\"@type\":\"WebPage\",\"@id\":\"https:\/\/elexim.net\/elektromobilita\/o-spolecnosti\/#webpage\",\"url\":\"https:\/\/elexim.net\/elektromobilita\/o-spolecnosti\/\",\"name\":\"O spole\\u010dnosti - ELEXIM - Elektromobilita\",\"isPartOf\":{\"@id\":\"https:\/\/elexim.net\/elektromobilita\/#website\"},\"datePublished\":\"2019-03-28T15:34:57+00:00\",\"dateModified\":\"2020-02-02T17:24:37+00:00\",\"breadcrumb\":{\"@id\":\"https:\/\/elexim.net\/elektromobilita\/o-spolecnosti\/#breadcrumb\"},\"inLanguage\":\"cs\",\"potentialAction\":[{\"@type\":\"ReadAction\",\"target\":[\"https:\/\/elexim.net\/elektromobilita\/o-spolecnosti\/\"]}]},{\"@type\":\"BreadcrumbList\",\"@id\":\"https:\/\/elexim.net\/elektromobilita\/o-spolecnosti\/#breadcrumb\",\"itemListElement\":[{\"@type\":\"ListItem\",\"position\":1,\"item\":{\"@type\":\"WebPage\",\"@id\":\"https:\/\/elexim.net\/elektromobilita\/\",\"url\":\"https:\/\/elexim.net\/elektromobilita\/\",\"name\":\"Dom\\u016f\"}},{\"@type\":\"ListItem\",\"position\":2,\"item\":{\"@id\":\"https:\/\/elexim.net\/elektromobilita\/o-spolecnosti\/#webpage\"}}]}]}<\/script>\n<!-- \/ Yoast SEO plugin. -->","guten_post_layout_featured_media_urls":{"full":false,"thumbnail":false,"medium":false,"medium_large":false,"large":false,"1536x1536":false,"2048x2048":false,"thumb":false,"produkt":false,"header":false,"guten_post_layout_landscape_large":false,"guten_post_layout_portrait_large":false,"guten_post_layout_square_large":false,"guten_post_layout_landscape":false,"guten_post_layout_portrait":false,"guten_post_layout_square":false},"_links":{"self":[{"href":"https:\/\/elexim.net\/elektromobilita\/wp-json\/wp\/v2\/pages\/119"}],"collection":[{"href":"https:\/\/elexim.net\/elektromobilita\/wp-json\/wp\/v2\/pages"}],"about":[{"href":"https:\/\/elexim.net\/elektromobilita\/wp-json\/wp\/v2\/types\/page"}],"author":[{"embeddable":true,"href":"https:\/\/elexim.net\/elektromobilita\/wp-json\/wp\/v2\/users\/1"}],"replies":[{"embeddable":true,"href":"https:\/\/elexim.net\/elektromobilita\/wp-json\/wp\/v2\/comments?post=119"}],"version-history":[{"count":7,"href":"https:\/\/elexim.net\/elektromobilita\/wp-json\/wp\/v2\/pages\/119\/revisions"}],"predecessor-version":[{"id":1878,"href":"https:\/\/elexim.net\/elektromobilita\/wp-json\/wp\/v2\/pages\/119\/revisions\/1878"}],"wp:attachment":[{"href":"https:\/\/elexim.net\/elektromobilita\/wp-json\/wp\/v2\/media?parent=119"}],"curies":[{"name":"wp","href":"https:\/\/api.w.org\/{rel}","templated":true}]}}