{"id":24,"date":"2019-03-27T14:34:33","date_gmt":"2019-03-27T13:34:33","guid":{"rendered":"http:\/\/elexim.net\/elektromobilita\/?page_id=24"},"modified":"2022-04-04T13:14:41","modified_gmt":"2022-04-04T11:14:41","slug":"kontakty","status":"publish","type":"page","link":"https:\/\/elexim.net\/elektromobilita\/kontakty\/","title":{"rendered":"Kontakty"},"content":{"rendered":"\n<p><strong>ELEXIM, a.s.<\/strong><br>Riegrovo n\u00e1m\u011bst\u00ed 179\/14<br>767 01 Krom\u011b\u0159\u00ed\u017e<\/p>\n","protected":false},"excerpt":{"rendered":"<p>ELEXIM, a.s.Riegrovo n\u00e1m\u011bst\u00ed 179\/14767 01 Krom\u011b\u0159\u00ed\u017e<\/p>\n","protected":false},"author":1,"featured_media":0,"parent":0,"menu_order":0,"comment_status":"closed","ping_status":"closed","template":"kontakt.php","meta":[],"yoast_head":"<!-- This site is optimized with the Yoast SEO plugin v16.2 - https:\/\/yoast.com\/wordpress\/plugins\/seo\/ -->\n<meta name=\"robots\" content=\"index, follow, max-snippet:-1, max-image-preview:large, max-video-preview:-1\" \/>\n<link rel=\"canonical\" href=\"https:\/\/elexim.net\/elektromobilita\/kontakty\/\" \/>\n<meta property=\"og:locale\" content=\"cs_CZ\" \/>\n<meta property=\"og:type\" content=\"article\" \/>\n<meta property=\"og:title\" content=\"Kontakty - ELEXIM - Elektromobilita\" \/>\n<meta property=\"og:description\" content=\"ELEXIM, a.s.Riegrovo n\u00e1m\u011bst\u00ed 179\/14767 01 Krom\u011b\u0159\u00ed\u017e\" \/>\n<meta property=\"og:url\" content=\"https:\/\/elexim.net\/elektromobilita\/kontakty\/\" \/>\n<meta property=\"og:site_name\" content=\"ELEXIM - Elektromobilita\" \/>\n<meta property=\"article:publisher\" content=\"https:\/\/www.facebook.com\/eleximemobilita\/\" \/>\n<meta property=\"article:modified_time\" content=\"2022-04-04T11:14:41+00:00\" \/>\n<meta name=\"twitter:card\" content=\"summary_large_image\" \/>\n<meta name=\"twitter:label1\" content=\"Odhadovan\u00e1 doba \u010dten\u00ed\">\n\t<meta name=\"twitter:data1\" content=\"1 minuta\">\n<script type=\"application\/ld+json\" class=\"yoast-schema-graph\">{\"@context\":\"https:\/\/schema.org\",\"@graph\":[{\"@type\":\"WebSite\",\"@id\":\"https:\/\/elexim.net\/elektromobilita\/#website\",\"url\":\"https:\/\/elexim.net\/elektromobilita\/\",\"name\":\"ELEXIM - Elektromobilita\",\"description\":\"Nab\\u00edz\\u00edme kompletn\\u00ed sortiment a \\u0159e\\u0161en\\u00ed v\\u00fdrobc\\u016f CIRCONTROL a APLITRONIC \\u2013 co\\u017e jsou nab\\u00edjec\\u00ed stanice, kter\\u00e9 dok\\u00e1zaly svou stabilitu, vysokou kvalitu materi\\u00e1l\\u016f a proveden\\u00ed. D\\u00edky tomu jsou spolehliv\\u00e9 pro jak\\u00fdkoliv provoz.\",\"potentialAction\":[{\"@type\":\"SearchAction\",\"target\":\"https:\/\/elexim.net\/elektromobilita\/?s={search_term_string}\",\"query-input\":\"required name=search_term_string\"}],\"inLanguage\":\"cs\"},{\"@type\":\"WebPage\",\"@id\":\"https:\/\/elexim.net\/elektromobilita\/kontakty\/#webpage\",\"url\":\"https:\/\/elexim.net\/elektromobilita\/kontakty\/\",\"name\":\"Kontakty - ELEXIM - Elektromobilita\",\"isPartOf\":{\"@id\":\"https:\/\/elexim.net\/elektromobilita\/#website\"},\"datePublished\":\"2019-03-27T13:34:33+00:00\",\"dateModified\":\"2022-04-04T11:14:41+00:00\",\"breadcrumb\":{\"@id\":\"https:\/\/elexim.net\/elektromobilita\/kontakty\/#breadcrumb\"},\"inLanguage\":\"cs\",\"potentialAction\":[{\"@type\":\"ReadAction\",\"target\":[\"https:\/\/elexim.net\/elektromobilita\/kontakty\/\"]}]},{\"@type\":\"BreadcrumbList\",\"@id\":\"https:\/\/elexim.net\/elektromobilita\/kontakty\/#breadcrumb\",\"itemListElement\":[{\"@type\":\"ListItem\",\"position\":1,\"item\":{\"@type\":\"WebPage\",\"@id\":\"https:\/\/elexim.net\/elektromobilita\/\",\"url\":\"https:\/\/elexim.net\/elektromobilita\/\",\"name\":\"Dom\\u016f\"}},{\"@type\":\"ListItem\",\"position\":2,\"item\":{\"@id\":\"https:\/\/elexim.net\/elektromobilita\/kontakty\/#webpage\"}}]}]}<\/script>\n<!-- \/ Yoast SEO plugin. -->","guten_post_layout_featured_media_urls":{"full":false,"thumbnail":false,"medium":false,"medium_large":false,"large":false,"1536x1536":false,"2048x2048":false,"thumb":false,"produkt":false,"header":false,"guten_post_layout_landscape_large":false,"guten_post_layout_portrait_large":false,"guten_post_layout_square_large":false,"guten_post_layout_landscape":false,"guten_post_layout_portrait":false,"guten_post_layout_square":false},"_links":{"self":[{"href":"https:\/\/elexim.net\/elektromobilita\/wp-json\/wp\/v2\/pages\/24"}],"collection":[{"href":"https:\/\/elexim.net\/elektromobilita\/wp-json\/wp\/v2\/pages"}],"about":[{"href":"https:\/\/elexim.net\/elektromobilita\/wp-json\/wp\/v2\/types\/page"}],"author":[{"embeddable":true,"href":"https:\/\/elexim.net\/elektromobilita\/wp-json\/wp\/v2\/users\/1"}],"replies":[{"embeddable":true,"href":"https:\/\/elexim.net\/elektromobilita\/wp-json\/wp\/v2\/comments?post=24"}],"version-history":[{"count":14,"href":"https:\/\/elexim.net\/elektromobilita\/wp-json\/wp\/v2\/pages\/24\/revisions"}],"predecessor-version":[{"id":4202,"href":"https:\/\/elexim.net\/elektromobilita\/wp-json\/wp\/v2\/pages\/24\/revisions\/4202"}],"wp:attachment":[{"href":"https:\/\/elexim.net\/elektromobilita\/wp-json\/wp\/v2\/media?parent=24"}],"curies":[{"name":"wp","href":"https:\/\/api.w.org\/{rel}","templated":true}]}}