{"id":144,"date":"2019-03-28T11:28:02","date_gmt":"2019-03-28T10:28:02","guid":{"rendered":"http:\/\/elexim.net\/specialni-aplikace\/?page_id=144"},"modified":"2020-04-06T10:24:41","modified_gmt":"2020-04-06T08:24:41","slug":"program-pro-jadernou-energetiku","status":"publish","type":"page","link":"https:\/\/elexim.net\/specialni-aplikace\/program-pro-jadernou-energetiku\/","title":{"rendered":"Program pro jadernou energetiku"},"content":{"rendered":"<p>V\u00fdrobn\u00ed <strong>program se specializuje na dod\u00e1vky univerz\u00e1ln\u00edch sdru\u017eovac\u00edch sk\u0159\u00edn\u00ed a pr\u016fchodek<\/strong> do hermetick\u00e9 z\u00f3ny s kvalifikac\u00ed LOCA pro podm\u00ednky reaktor\u016f VVER 440 a VVER 1000. Samostatnou kvalifikaci LOCA maj\u00ed i vybran\u00e9 produkty mikro sp\u00edna\u010d\u016f zna\u010dky Petercem.<\/p>\n<p>Syst\u00e9m \u0159\u00edzen\u00ed a kontroly p\u0159edstavuj\u00ed signaliza\u010dn\u00ed a ovl\u00e1dac\u00ed prvky firmy Mafelec a Stopcircuit, nasazen\u00e9 v jadern\u00fdch elektr\u00e1rn\u00e1ch nap\u0159\u00ed\u010d celou Evropou.<\/p>\n<p>Jedn\u00e1 se o zak\u00e1zkovou v\u00fdrobu realizovanou dle specifikace z\u00e1kazn\u00edka. V\u00fdstupem je ucelen\u00e1 realizace projektu v\u010detn\u011b technick\u00e9 specifikace, zaji\u0161t\u011bn\u00ed pot\u0159ebn\u00e9 certifikace a dokumentace.<\/p>\n<p>Syst\u00e9m kontroly jakosti je certifikov\u00e1n dle <strong>\u010cSN EN ISO 9001:2016.<\/strong> Jsme opr\u00e1vn\u011bn\u00fdm dodavatelem auditovan\u00fdm spole\u010dnost\u00ed \u010cEZ a.s. k v\u00fdrob\u011b a dod\u00e1vk\u00e1m elektrick\u00fdch p\u0159\u00edstroj\u016f a za\u0159\u00edzen\u00ed pro jadernou energetiku.<\/p>\n","protected":false},"excerpt":{"rendered":"<p>V\u00fdrobn\u00ed program se specializuje na dod\u00e1vky univerz\u00e1ln\u00edch sdru\u017eovac\u00edch sk\u0159\u00edn\u00ed a pr\u016fchodek do hermetick\u00e9 z\u00f3ny s kvalifikac\u00ed LOCA pro podm\u00ednky reaktor\u016f VVER 440 a VVER 1000. Samostatnou kvalifikaci LOCA maj\u00ed i&nbsp;&#8230;<\/p>\n","protected":false},"author":1,"featured_media":133,"parent":0,"menu_order":0,"comment_status":"closed","ping_status":"closed","template":"produkty.php","meta":[],"yoast_head":"<!-- This site is optimized with the Yoast SEO plugin v16.2 - https:\/\/yoast.com\/wordpress\/plugins\/seo\/ -->\n<meta name=\"robots\" content=\"index, follow, max-snippet:-1, max-image-preview:large, max-video-preview:-1\" \/>\n<link rel=\"canonical\" href=\"https:\/\/elexim.net\/specialni-aplikace\/program-pro-jadernou-energetiku\/\" \/>\n<meta property=\"og:locale\" content=\"cs_CZ\" \/>\n<meta property=\"og:type\" content=\"article\" \/>\n<meta property=\"og:title\" content=\"Program pro jadernou energetiku - ELEXIM - Speci\u00e1ln\u00ed aplikace\" \/>\n<meta property=\"og:description\" content=\"V\u00fdrobn\u00ed program se specializuje na dod\u00e1vky univerz\u00e1ln\u00edch sdru\u017eovac\u00edch sk\u0159\u00edn\u00ed a pr\u016fchodek do hermetick\u00e9 z\u00f3ny s kvalifikac\u00ed LOCA pro podm\u00ednky reaktor\u016f VVER 440 a VVER 1000. Samostatnou kvalifikaci LOCA maj\u00ed i&nbsp;...\" \/>\n<meta property=\"og:url\" content=\"https:\/\/elexim.net\/specialni-aplikace\/program-pro-jadernou-energetiku\/\" \/>\n<meta property=\"og:site_name\" content=\"ELEXIM - Speci\u00e1ln\u00ed aplikace\" \/>\n<meta property=\"article:modified_time\" content=\"2020-04-06T08:24:41+00:00\" \/>\n<meta property=\"og:image\" content=\"https:\/\/elexim.net\/specialni-aplikace\/wp-content\/uploads\/sites\/6\/2019\/03\/je.png\" \/>\n\t<meta property=\"og:image:width\" content=\"420\" \/>\n\t<meta property=\"og:image:height\" content=\"294\" \/>\n<meta name=\"twitter:card\" content=\"summary_large_image\" \/>\n<meta name=\"twitter:label1\" content=\"Odhadovan\u00e1 doba \u010dten\u00ed\">\n\t<meta name=\"twitter:data1\" content=\"1 minuta\">\n<script type=\"application\/ld+json\" class=\"yoast-schema-graph\">{\"@context\":\"https:\/\/schema.org\",\"@graph\":[{\"@type\":\"WebSite\",\"@id\":\"https:\/\/elexim.net\/specialni-aplikace\/#website\",\"url\":\"https:\/\/elexim.net\/specialni-aplikace\/\",\"name\":\"ELEXIM - Speci\\u00e1ln\\u00ed aplikace\",\"description\":\"Aplikace do n\\u00e1ro\\u010dn\\u00fdch a velmi specifick\\u00fdch prost\\u0159ed\\u00ed\",\"potentialAction\":[{\"@type\":\"SearchAction\",\"target\":\"https:\/\/elexim.net\/specialni-aplikace\/?s={search_term_string}\",\"query-input\":\"required name=search_term_string\"}],\"inLanguage\":\"cs\"},{\"@type\":\"ImageObject\",\"@id\":\"https:\/\/elexim.net\/specialni-aplikace\/program-pro-jadernou-energetiku\/#primaryimage\",\"inLanguage\":\"cs\",\"url\":\"https:\/\/elexim.net\/specialni-aplikace\/wp-content\/uploads\/sites\/6\/2019\/03\/je.png\",\"contentUrl\":\"https:\/\/elexim.net\/specialni-aplikace\/wp-content\/uploads\/sites\/6\/2019\/03\/je.png\",\"width\":420,\"height\":294},{\"@type\":\"WebPage\",\"@id\":\"https:\/\/elexim.net\/specialni-aplikace\/program-pro-jadernou-energetiku\/#webpage\",\"url\":\"https:\/\/elexim.net\/specialni-aplikace\/program-pro-jadernou-energetiku\/\",\"name\":\"Program pro jadernou energetiku - ELEXIM - Speci\\u00e1ln\\u00ed aplikace\",\"isPartOf\":{\"@id\":\"https:\/\/elexim.net\/specialni-aplikace\/#website\"},\"primaryImageOfPage\":{\"@id\":\"https:\/\/elexim.net\/specialni-aplikace\/program-pro-jadernou-energetiku\/#primaryimage\"},\"datePublished\":\"2019-03-28T10:28:02+00:00\",\"dateModified\":\"2020-04-06T08:24:41+00:00\",\"breadcrumb\":{\"@id\":\"https:\/\/elexim.net\/specialni-aplikace\/program-pro-jadernou-energetiku\/#breadcrumb\"},\"inLanguage\":\"cs\",\"potentialAction\":[{\"@type\":\"ReadAction\",\"target\":[\"https:\/\/elexim.net\/specialni-aplikace\/program-pro-jadernou-energetiku\/\"]}]},{\"@type\":\"BreadcrumbList\",\"@id\":\"https:\/\/elexim.net\/specialni-aplikace\/program-pro-jadernou-energetiku\/#breadcrumb\",\"itemListElement\":[{\"@type\":\"ListItem\",\"position\":1,\"item\":{\"@type\":\"WebPage\",\"@id\":\"https:\/\/elexim.net\/specialni-aplikace\/\",\"url\":\"https:\/\/elexim.net\/specialni-aplikace\/\",\"name\":\"Dom\\u016f\"}},{\"@type\":\"ListItem\",\"position\":2,\"item\":{\"@id\":\"https:\/\/elexim.net\/specialni-aplikace\/program-pro-jadernou-energetiku\/#webpage\"}}]}]}<\/script>\n<!-- \/ Yoast SEO plugin. -->","guten_post_layout_featured_media_urls":{"full":["https:\/\/elexim.net\/specialni-aplikace\/wp-content\/uploads\/sites\/6\/2019\/03\/je.png",420,294,false],"thumbnail":["https:\/\/elexim.net\/specialni-aplikace\/wp-content\/uploads\/sites\/6\/2019\/03\/je-150x150.png",150,150,true],"medium":["https:\/\/elexim.net\/specialni-aplikace\/wp-content\/uploads\/sites\/6\/2019\/03\/je-300x210.png",300,210,true],"medium_large":["https:\/\/elexim.net\/specialni-aplikace\/wp-content\/uploads\/sites\/6\/2019\/03\/je.png",420,294,false],"large":["https:\/\/elexim.net\/specialni-aplikace\/wp-content\/uploads\/sites\/6\/2019\/03\/je.png",420,294,false],"1536x1536":["https:\/\/elexim.net\/specialni-aplikace\/wp-content\/uploads\/sites\/6\/2019\/03\/je.png",420,294,false],"2048x2048":["https:\/\/elexim.net\/specialni-aplikace\/wp-content\/uploads\/sites\/6\/2019\/03\/je.png",420,294,false],"produkt":["https:\/\/elexim.net\/specialni-aplikace\/wp-content\/uploads\/sites\/6\/2019\/03\/je.png",420,294,false],"thumb":["https:\/\/elexim.net\/specialni-aplikace\/wp-content\/uploads\/sites\/6\/2019\/03\/je-150x150.png",150,150,true],"header":["https:\/\/elexim.net\/specialni-aplikace\/wp-content\/uploads\/sites\/6\/2019\/03\/je.png",420,294,false],"guten_post_layout_landscape_large":["https:\/\/elexim.net\/specialni-aplikace\/wp-content\/uploads\/sites\/6\/2019\/03\/je.png",420,294,false],"guten_post_layout_portrait_large":["https:\/\/elexim.net\/specialni-aplikace\/wp-content\/uploads\/sites\/6\/2019\/03\/je.png",420,294,false],"guten_post_layout_square_large":["https:\/\/elexim.net\/specialni-aplikace\/wp-content\/uploads\/sites\/6\/2019\/03\/je.png",420,294,false],"guten_post_layout_landscape":["https:\/\/elexim.net\/specialni-aplikace\/wp-content\/uploads\/sites\/6\/2019\/03\/je.png",420,294,false],"guten_post_layout_portrait":["https:\/\/elexim.net\/specialni-aplikace\/wp-content\/uploads\/sites\/6\/2019\/03\/je.png",420,294,false],"guten_post_layout_square":["https:\/\/elexim.net\/specialni-aplikace\/wp-content\/uploads\/sites\/6\/2019\/03\/je.png",420,294,false]},"_links":{"self":[{"href":"https:\/\/elexim.net\/specialni-aplikace\/wp-json\/wp\/v2\/pages\/144"}],"collection":[{"href":"https:\/\/elexim.net\/specialni-aplikace\/wp-json\/wp\/v2\/pages"}],"about":[{"href":"https:\/\/elexim.net\/specialni-aplikace\/wp-json\/wp\/v2\/types\/page"}],"author":[{"embeddable":true,"href":"https:\/\/elexim.net\/specialni-aplikace\/wp-json\/wp\/v2\/users\/1"}],"replies":[{"embeddable":true,"href":"https:\/\/elexim.net\/specialni-aplikace\/wp-json\/wp\/v2\/comments?post=144"}],"version-history":[{"count":33,"href":"https:\/\/elexim.net\/specialni-aplikace\/wp-json\/wp\/v2\/pages\/144\/revisions"}],"predecessor-version":[{"id":1359,"href":"https:\/\/elexim.net\/specialni-aplikace\/wp-json\/wp\/v2\/pages\/144\/revisions\/1359"}],"wp:featuredmedia":[{"embeddable":true,"href":"https:\/\/elexim.net\/specialni-aplikace\/wp-json\/wp\/v2\/media\/133"}],"wp:attachment":[{"href":"https:\/\/elexim.net\/specialni-aplikace\/wp-json\/wp\/v2\/media?parent=144"}],"curies":[{"name":"wp","href":"https:\/\/api.w.org\/{rel}","templated":true}]}}