{"id":146,"date":"2019-03-28T11:28:35","date_gmt":"2019-03-28T10:28:35","guid":{"rendered":"http:\/\/elexim.net\/specialni-aplikace\/?page_id=146"},"modified":"2020-04-23T14:15:31","modified_gmt":"2020-04-23T12:15:31","slug":"noja-power","status":"publish","type":"page","link":"https:\/\/elexim.net\/specialni-aplikace\/noja-power\/","title":{"rendered":"NOJA Power"},"content":{"rendered":"\n<p>Firma <strong>NOJA Power pat\u0159\u00ed k p\u0159edn\u00edm v\u00fdrobc\u016f Autorecloser\u016f.<\/strong> Tento autorecloser b\u00fdv\u00e1 ozna\u010den jako nejbezpe\u010dn\u011bj\u0161\u00ed Autorecloser na sv\u011bt\u011b. Nasazeno je jich p\u0159es 55 000 nap\u0159\u00ed\u010d kontinenty ve v\u00edce ne\u017e 80 zem\u00edch sv\u011bta. NOJA Power si zakl\u00e1d\u00e1 na vysok\u00e9 kvalit\u011b sv\u00fdch v\u00fdrobk\u016f, vlastn\u00edm v\u00fdvoji a ucelen\u00e9 koncepci ochrany HW a SW. Ve\u0161ker\u00e9 procesy ve v\u00fdrob\u011b jsou optimalizov\u00e1ny i z hlediska managementu \u017eivotn\u00edho prost\u0159ed\u00ed (ISO 14001).<\/p>\n\n\n\n<p>Firma Elexim m\u00e1 <strong>v\u00fdhradn\u00ed zastoupen\u00ed pro \u00fazem\u00ed \u010cR, SR a v\u00fdchodn\u00ed Evropy.<\/strong><\/p>\n\n\n\n<div class=\"wp-block-image\"><figure class=\"aligncenter size-large\"><img loading=\"lazy\" width=\"390\" height=\"73\" src=\"https:\/\/www.elexim.net\/specialni-aplikace\/wp-content\/uploads\/sites\/6\/2020\/02\/noja_power.png\" alt=\"\" class=\"wp-image-1016 img-responsive img-shadow\" srcset=\"https:\/\/elexim.net\/specialni-aplikace\/wp-content\/uploads\/sites\/6\/2020\/02\/noja_power.png 390w, https:\/\/elexim.net\/specialni-aplikace\/wp-content\/uploads\/sites\/6\/2020\/02\/noja_power-300x56.png 300w\" sizes=\"(max-width: 390px) 100vw, 390px\" \/><\/figure><\/div>\n\n\n\n<h2><\/h2>\n\n\n\n<h2><strong>Ochrana, monitorov\u00e1n\u00ed a \u0159\u00edzen\u00ed elektrick\u00e9 s\u00edt\u011b<\/strong><\/h2>\n\n\n\n<h2>Robustnost\u00ed a spolehliv\u00fd syst\u00e9m umo\u017e\u0148uj\u00edc\u00ed monitorov\u00e1n\u00ed, \u0159\u00edzen\u00ed a automatizaci distribu\u010dn\u00ed s\u00edt\u011b<\/h2>\n\n\n\n<div class=\"wp-block-columns has-2-columns\">\n<div class=\"wp-block-column\">\n<figure class=\"wp-block-image is-resized\"><img loading=\"lazy\" src=\"http:\/\/elexim.net\/specialni-aplikace\/wp-content\/uploads\/sites\/6\/2019\/03\/NOJA-Power-Autorecloser.png\" alt=\"\" class=\"wp-image-236 img-responsive img-shadow\" width=\"548\" height=\"766\"\/><\/figure>\n<\/div>\n\n\n\n<div class=\"wp-block-column\">\n<p>Syst\u00e9m autonomn\u00edch recloser\u016f s pokro\u010dilou mo\u017enost\u00ed integrace a automatizace.<\/p>\n\n\n\n<p>Koncept chytr\u00e9 s\u00edt\u011b, kter\u00fd lze centr\u00e1ln\u011b monitorovat a \u0159\u00eddit stoj\u00ed v\u017edy na schopnostech a spolehlivosti koncov\u00fdch prvk\u016f. Proto byl vyvinut kompaktn\u00ed a spolehliv\u00fd recloser s vlastn\u00ed komunika\u010dn\u00ed a \u0159\u00edd\u00edc\u00ed jednotkou umo\u017e\u0148uj\u00edc\u00ed vysokou m\u00edru automatizace. <\/p>\n\n\n\n<p>Na jedn\u00e9 stran\u011b lze cel\u00fd syst\u00e9m centralizovan\u011b ovl\u00e1dat a monitorovat pomoc\u00ed ov\u011b\u0159en\u00fdch a zab\u011bhnut\u00fdch standard\u016f (nap\u0159. SCADA) na stran\u011b druh\u00e9 ale Autorecloser dok\u00e1\u017ee monitorovan\u00e9 \u00fadaje autonomn\u011b vyhodnocovat a adekv\u00e1tn\u011b reagovat v p\u0159\u00edpad\u011b poruchy veden\u00ed. <\/p>\n\n\n\n<p>D\u00edky know-how shrom\u00e1\u017ed\u011bn\u00e9mu za posledn\u00ed desetilet\u00ed z nasazen\u00ed na cel\u00e9m sv\u011bt\u011b, je syst\u00e9m odzkou\u0161en\u00fd na re\u00e1ln\u00fd povoz v extr\u00e9mn\u00edch podm\u00ednk\u00e1ch. Sou\u010dasn\u011b se roz\u0161i\u0159uje a zdokonaluje soubor algoritm\u016f, definuj\u00edc\u00ed nejlep\u0161\u00ed postup v p\u0159\u00edpad\u011b \u0161irok\u00e9 \u0161k\u00e1ly poruch veden\u00ed.<\/p>\n\n\n\n<p>\u0158e\u0161en\u00ed pokr\u00fdv\u00e1 kompletn\u00ed funk\u010dn\u00ed syst\u00e9m ochrany a monitorov\u00e1n\u00ed \u2013 silov\u00e1 \u010d\u00e1st, \u0159\u00edd\u00edc\u00ed jednotka s lok\u00e1ln\u00edm i vzd\u00e1len\u00fdm \u0159\u00edzen\u00edm, sb\u011brem dat o kvalit\u011b s\u00edt\u011b a jejich prezentace. To v\u0161e p\u0159i zachov\u00e1n\u00ed maxim\u00e1ln\u00ed modul\u00e1rnosti syst\u00e9mu s mo\u017enost\u00ed napojen\u00ed na p\u00e1te\u0159n\u00ed informa\u010dn\u00ed syst\u00e9my.<\/p>\n<\/div>\n<\/div>\n","protected":false},"excerpt":{"rendered":"<p>Firma NOJA Power pat\u0159\u00ed k p\u0159edn\u00edm v\u00fdrobc\u016f Autorecloser\u016f. Tento autorecloser b\u00fdv\u00e1 ozna\u010den jako nejbezpe\u010dn\u011bj\u0161\u00ed Autorecloser na sv\u011bt\u011b. Nasazeno je jich p\u0159es 55 000 nap\u0159\u00ed\u010d kontinenty ve v\u00edce ne\u017e 80 zem\u00edch&nbsp;&#8230;<\/p>\n","protected":false},"author":1,"featured_media":233,"parent":0,"menu_order":0,"comment_status":"closed","ping_status":"closed","template":"produkty.php","meta":[],"yoast_head":"<!-- This site is optimized with the Yoast SEO plugin v16.2 - https:\/\/yoast.com\/wordpress\/plugins\/seo\/ -->\n<meta name=\"robots\" content=\"index, follow, max-snippet:-1, max-image-preview:large, max-video-preview:-1\" \/>\n<link rel=\"canonical\" href=\"https:\/\/elexim.net\/specialni-aplikace\/noja-power\/\" \/>\n<meta property=\"og:locale\" content=\"cs_CZ\" \/>\n<meta property=\"og:type\" content=\"article\" \/>\n<meta property=\"og:title\" content=\"NOJA Power - ELEXIM - Speci\u00e1ln\u00ed aplikace\" \/>\n<meta property=\"og:description\" content=\"Firma NOJA Power pat\u0159\u00ed k p\u0159edn\u00edm v\u00fdrobc\u016f Autorecloser\u016f. Tento autorecloser b\u00fdv\u00e1 ozna\u010den jako nejbezpe\u010dn\u011bj\u0161\u00ed Autorecloser na sv\u011bt\u011b. Nasazeno je jich p\u0159es 55 000 nap\u0159\u00ed\u010d kontinenty ve v\u00edce ne\u017e 80 zem\u00edch&nbsp;...\" \/>\n<meta property=\"og:url\" content=\"https:\/\/elexim.net\/specialni-aplikace\/noja-power\/\" \/>\n<meta property=\"og:site_name\" content=\"ELEXIM - Speci\u00e1ln\u00ed aplikace\" \/>\n<meta property=\"article:modified_time\" content=\"2020-04-23T12:15:31+00:00\" \/>\n<meta property=\"og:image\" content=\"https:\/\/elexim.net\/specialni-aplikace\/wp-content\/uploads\/sites\/6\/2019\/03\/NOJA-Power-Autoreloser-set-e1553785205725.png\" \/>\n\t<meta property=\"og:image:width\" content=\"800\" \/>\n\t<meta property=\"og:image:height\" content=\"795\" \/>\n<meta name=\"twitter:card\" content=\"summary_large_image\" \/>\n<meta name=\"twitter:label1\" content=\"Odhadovan\u00e1 doba \u010dten\u00ed\">\n\t<meta name=\"twitter:data1\" content=\"2 minuty\">\n<script type=\"application\/ld+json\" class=\"yoast-schema-graph\">{\"@context\":\"https:\/\/schema.org\",\"@graph\":[{\"@type\":\"WebSite\",\"@id\":\"https:\/\/elexim.net\/specialni-aplikace\/#website\",\"url\":\"https:\/\/elexim.net\/specialni-aplikace\/\",\"name\":\"ELEXIM - Speci\\u00e1ln\\u00ed aplikace\",\"description\":\"Aplikace do n\\u00e1ro\\u010dn\\u00fdch a velmi specifick\\u00fdch prost\\u0159ed\\u00ed\",\"potentialAction\":[{\"@type\":\"SearchAction\",\"target\":\"https:\/\/elexim.net\/specialni-aplikace\/?s={search_term_string}\",\"query-input\":\"required name=search_term_string\"}],\"inLanguage\":\"cs\"},{\"@type\":\"ImageObject\",\"@id\":\"https:\/\/elexim.net\/specialni-aplikace\/noja-power\/#primaryimage\",\"inLanguage\":\"cs\",\"url\":\"https:\/\/elexim.net\/specialni-aplikace\/wp-content\/uploads\/sites\/6\/2019\/03\/NOJA-Power-Autoreloser-set-e1553785205725.png\",\"contentUrl\":\"https:\/\/elexim.net\/specialni-aplikace\/wp-content\/uploads\/sites\/6\/2019\/03\/NOJA-Power-Autoreloser-set-e1553785205725.png\",\"width\":800,\"height\":795},{\"@type\":\"WebPage\",\"@id\":\"https:\/\/elexim.net\/specialni-aplikace\/noja-power\/#webpage\",\"url\":\"https:\/\/elexim.net\/specialni-aplikace\/noja-power\/\",\"name\":\"NOJA Power - ELEXIM - Speci\\u00e1ln\\u00ed aplikace\",\"isPartOf\":{\"@id\":\"https:\/\/elexim.net\/specialni-aplikace\/#website\"},\"primaryImageOfPage\":{\"@id\":\"https:\/\/elexim.net\/specialni-aplikace\/noja-power\/#primaryimage\"},\"datePublished\":\"2019-03-28T10:28:35+00:00\",\"dateModified\":\"2020-04-23T12:15:31+00:00\",\"breadcrumb\":{\"@id\":\"https:\/\/elexim.net\/specialni-aplikace\/noja-power\/#breadcrumb\"},\"inLanguage\":\"cs\",\"potentialAction\":[{\"@type\":\"ReadAction\",\"target\":[\"https:\/\/elexim.net\/specialni-aplikace\/noja-power\/\"]}]},{\"@type\":\"BreadcrumbList\",\"@id\":\"https:\/\/elexim.net\/specialni-aplikace\/noja-power\/#breadcrumb\",\"itemListElement\":[{\"@type\":\"ListItem\",\"position\":1,\"item\":{\"@type\":\"WebPage\",\"@id\":\"https:\/\/elexim.net\/specialni-aplikace\/\",\"url\":\"https:\/\/elexim.net\/specialni-aplikace\/\",\"name\":\"Dom\\u016f\"}},{\"@type\":\"ListItem\",\"position\":2,\"item\":{\"@id\":\"https:\/\/elexim.net\/specialni-aplikace\/noja-power\/#webpage\"}}]}]}<\/script>\n<!-- \/ Yoast SEO plugin. -->","guten_post_layout_featured_media_urls":{"full":["https:\/\/elexim.net\/specialni-aplikace\/wp-content\/uploads\/sites\/6\/2019\/03\/NOJA-Power-Autoreloser-set-e1553785205725.png",800,795,false],"thumbnail":["https:\/\/elexim.net\/specialni-aplikace\/wp-content\/uploads\/sites\/6\/2019\/03\/NOJA-Power-Autoreloser-set-e1553785205725-150x150.png",150,150,true],"medium":["https:\/\/elexim.net\/specialni-aplikace\/wp-content\/uploads\/sites\/6\/2019\/03\/NOJA-Power-Autoreloser-set-e1553785205725-300x298.png",300,298,true],"medium_large":["https:\/\/elexim.net\/specialni-aplikace\/wp-content\/uploads\/sites\/6\/2019\/03\/NOJA-Power-Autoreloser-set-e1553785205725-768x763.png",768,763,true],"large":["https:\/\/elexim.net\/specialni-aplikace\/wp-content\/uploads\/sites\/6\/2019\/03\/NOJA-Power-Autoreloser-set-e1553785205725.png",800,795,false],"1536x1536":["https:\/\/elexim.net\/specialni-aplikace\/wp-content\/uploads\/sites\/6\/2019\/03\/NOJA-Power-Autoreloser-set-e1553785205725.png",800,795,false],"2048x2048":["https:\/\/elexim.net\/specialni-aplikace\/wp-content\/uploads\/sites\/6\/2019\/03\/NOJA-Power-Autoreloser-set-e1553785205725.png",800,795,false],"produkt":["https:\/\/elexim.net\/specialni-aplikace\/wp-content\/uploads\/sites\/6\/2019\/03\/NOJA-Power-Autoreloser-set-e1553785205725-720x716.png",720,716,true],"thumb":["https:\/\/elexim.net\/specialni-aplikace\/wp-content\/uploads\/sites\/6\/2019\/03\/NOJA-Power-Autoreloser-set-e1553785205725-150x150.png",150,150,true],"header":["https:\/\/elexim.net\/specialni-aplikace\/wp-content\/uploads\/sites\/6\/2019\/03\/NOJA-Power-Autoreloser-set-e1553785205725.png",800,795,false],"guten_post_layout_landscape_large":["https:\/\/elexim.net\/specialni-aplikace\/wp-content\/uploads\/sites\/6\/2019\/03\/NOJA-Power-Autoreloser-set-e1553785205725.png",800,795,false],"guten_post_layout_portrait_large":["https:\/\/elexim.net\/specialni-aplikace\/wp-content\/uploads\/sites\/6\/2019\/03\/NOJA-Power-Autoreloser-set-e1553785205725.png",800,795,false],"guten_post_layout_square_large":["https:\/\/elexim.net\/specialni-aplikace\/wp-content\/uploads\/sites\/6\/2019\/03\/NOJA-Power-Autoreloser-set-e1553785205725.png",800,795,false],"guten_post_layout_landscape":["https:\/\/elexim.net\/specialni-aplikace\/wp-content\/uploads\/sites\/6\/2019\/03\/NOJA-Power-Autoreloser-set-e1553785205725.png",403,400,false],"guten_post_layout_portrait":["https:\/\/elexim.net\/specialni-aplikace\/wp-content\/uploads\/sites\/6\/2019\/03\/NOJA-Power-Autoreloser-set-e1553785205725.png",600,596,false],"guten_post_layout_square":["https:\/\/elexim.net\/specialni-aplikace\/wp-content\/uploads\/sites\/6\/2019\/03\/NOJA-Power-Autoreloser-set-e1553785205725.png",600,596,false]},"_links":{"self":[{"href":"https:\/\/elexim.net\/specialni-aplikace\/wp-json\/wp\/v2\/pages\/146"}],"collection":[{"href":"https:\/\/elexim.net\/specialni-aplikace\/wp-json\/wp\/v2\/pages"}],"about":[{"href":"https:\/\/elexim.net\/specialni-aplikace\/wp-json\/wp\/v2\/types\/page"}],"author":[{"embeddable":true,"href":"https:\/\/elexim.net\/specialni-aplikace\/wp-json\/wp\/v2\/users\/1"}],"replies":[{"embeddable":true,"href":"https:\/\/elexim.net\/specialni-aplikace\/wp-json\/wp\/v2\/comments?post=146"}],"version-history":[{"count":106,"href":"https:\/\/elexim.net\/specialni-aplikace\/wp-json\/wp\/v2\/pages\/146\/revisions"}],"predecessor-version":[{"id":1514,"href":"https:\/\/elexim.net\/specialni-aplikace\/wp-json\/wp\/v2\/pages\/146\/revisions\/1514"}],"wp:featuredmedia":[{"embeddable":true,"href":"https:\/\/elexim.net\/specialni-aplikace\/wp-json\/wp\/v2\/media\/233"}],"wp:attachment":[{"href":"https:\/\/elexim.net\/specialni-aplikace\/wp-json\/wp\/v2\/media?parent=146"}],"curies":[{"name":"wp","href":"https:\/\/api.w.org\/{rel}","templated":true}]}}