{"id":148,"date":"2019-03-28T11:29:20","date_gmt":"2019-03-28T10:29:20","guid":{"rendered":"http:\/\/elexim.net\/specialni-aplikace\/?page_id=148"},"modified":"2020-04-07T11:50:34","modified_gmt":"2020-04-07T09:50:34","slug":"mafelec-petercem","status":"publish","type":"page","link":"https:\/\/elexim.net\/specialni-aplikace\/mafelec-petercem\/","title":{"rendered":"Mafelec &amp; Petercem"},"content":{"rendered":"\n<p>Skupina Mafelec <strong>sdru\u017euje firmy Mafelec, Petercem, Stopcircuit<\/strong> a nov\u011b i Petercem Sensors. V\u0161echny firmy skupiny se specializuj\u00ed na v\u00fdrobn\u00ed programy pro n\u00e1ro\u010dn\u00e9 prost\u0159ed\u00ed s mo\u017enost\u00ed individu\u00e1ln\u00edho v\u00fdvoje a modifikace produkt\u016f pro konkr\u00e9tn\u00ed aplikace a pot\u0159eby z\u00e1kazn\u00edk\u016f.<\/p>\n\n\n\n<p>Mafelec \u2013 od sv\u00e9ho <strong>zalo\u017een\u00ed v roce 1947<\/strong> se orientuje na v\u00fdrobu signaliza\u010dn\u00edch a ovl\u00e1dac\u00edch prvk\u016f, syst\u00e9m\u016f pro \u0159\u00edzen\u00ed a zabezpe\u010den\u00ed a speci\u00e1ln\u00ed osv\u011btlovac\u00ed techniky.<\/p>\n\n\n\n<p>Petercem \u2013 <strong>od roku 1985 se specializuje<\/strong> na mikrosp\u00edna\u010de s hermeticky uzav\u0159enou sp\u00ednac\u00ed \u010d\u00e1sti v ochrann\u00e9 atmosf\u00e9\u0159e.<\/p>\n\n\n\n<p>Stopcircuit \u2013 <strong>ji\u017e od roku 1948 p\u0159in\u00e1\u0161\u00ed syst\u00e9m<\/strong> jisti\u010d\u016f a p\u0159ep\u00edna\u010d\u016f odoln\u00fdch v\u016f\u010di ot\u0159es\u016fm do n\u00e1ro\u010dn\u00fdch prost\u0159ed\u00ed. V\u00fdrobn\u00ed program pro jadernou energetiku obsahuje i produkty d\u0159\u00edve zn\u00e1me jako Entrelec.<\/p>\n\n\n\n<p>Petercem Sensors \u2013 <strong>v roce 2017 odkoupil Petercem od ABB divizi<\/strong>, vyr\u00e1b\u011bj\u00edc\u00ed \u010didla a senzory pro p\u0159esn\u00e9 m\u011b\u0159en\u00ed proudu a nap\u011bt\u00ed AC\/DC.<\/p>\n\n\n\n<p>V r\u00e1mci v\u00fdhradn\u00edho zastoupen\u00ed v\u00e1m p\u0159in\u00e1\u0161\u00edme \u0159e\u0161en\u00ed pro oblasti klasick\u00e9 a jadern\u00e9 energetiky, vojenstv\u00ed, letectv\u00ed a kosmonautika a lodn\u00edm pr\u016fmyslu.&nbsp;<a href=\"http:\/\/elexim.net\/specialni-aplikace\/produkty-a-sluzby\/program-pro-jadernou-energetiku\/\">K programu pro jadernou energetiku v\u00edce zde<\/a>.<\/p>\n\n\n\n<p><em><div class=\"loga\">\n\n  \n\n<div class=\"row\">\n    <div class=\"logasl owl-carousel owl-theme\">\n   \n        <div class=\"item\">\n            <img src=\"https:\/\/elexim.net\/specialni-aplikace\/wp-content\/uploads\/sites\/6\/2020\/02\/Sni\u0301mka-obrazovky-2020-02-25-o-23.41.45.png\" alt=\"\">\n                    <\/div>\n        \n   \n        <div class=\"item\">\n            <img src=\"https:\/\/elexim.net\/specialni-aplikace\/wp-content\/uploads\/sites\/6\/2020\/02\/Sni\u0301mka-obrazovky-2020-02-25-o-23.41.37.png\" alt=\"\">\n                    <\/div>\n        \n   \n        <div class=\"item\">\n            <img src=\"https:\/\/elexim.net\/specialni-aplikace\/wp-content\/uploads\/sites\/6\/2020\/02\/Sni\u0301mka-obrazovky-2020-02-25-o-23.41.28.png\" alt=\"\">\n                    <\/div>\n        \n     \n    <\/div>\n<\/div>\n<\/div>\n \n    \n<\/em><\/p>\n","protected":false},"excerpt":{"rendered":"<p>Skupina Mafelec sdru\u017euje firmy Mafelec, Petercem, Stopcircuit a nov\u011b i Petercem Sensors. V\u0161echny firmy skupiny se specializuj\u00ed na v\u00fdrobn\u00ed programy pro n\u00e1ro\u010dn\u00e9 prost\u0159ed\u00ed s mo\u017enost\u00ed individu\u00e1ln\u00edho v\u00fdvoje a modifikace produkt\u016f&nbsp;&#8230;<\/p>\n","protected":false},"author":1,"featured_media":134,"parent":0,"menu_order":0,"comment_status":"closed","ping_status":"closed","template":"produkty.php","meta":[],"yoast_head":"<!-- This site is optimized with the Yoast SEO plugin v16.2 - https:\/\/yoast.com\/wordpress\/plugins\/seo\/ -->\n<meta name=\"robots\" content=\"index, follow, max-snippet:-1, max-image-preview:large, max-video-preview:-1\" \/>\n<link rel=\"canonical\" href=\"https:\/\/elexim.net\/specialni-aplikace\/mafelec-petercem\/\" \/>\n<meta property=\"og:locale\" content=\"cs_CZ\" \/>\n<meta property=\"og:type\" content=\"article\" \/>\n<meta property=\"og:title\" content=\"Mafelec &amp; Petercem - ELEXIM - Speci\u00e1ln\u00ed aplikace\" \/>\n<meta property=\"og:description\" content=\"Skupina Mafelec sdru\u017euje firmy Mafelec, Petercem, Stopcircuit a nov\u011b i Petercem Sensors. V\u0161echny firmy skupiny se specializuj\u00ed na v\u00fdrobn\u00ed programy pro n\u00e1ro\u010dn\u00e9 prost\u0159ed\u00ed s mo\u017enost\u00ed individu\u00e1ln\u00edho v\u00fdvoje a modifikace produkt\u016f&nbsp;...\" \/>\n<meta property=\"og:url\" content=\"https:\/\/elexim.net\/specialni-aplikace\/mafelec-petercem\/\" \/>\n<meta property=\"og:site_name\" content=\"ELEXIM - Speci\u00e1ln\u00ed aplikace\" \/>\n<meta property=\"article:modified_time\" content=\"2020-04-07T09:50:34+00:00\" \/>\n<meta property=\"og:image\" content=\"https:\/\/elexim.net\/specialni-aplikace\/wp-content\/uploads\/sites\/6\/2019\/03\/mafelec.png\" \/>\n\t<meta property=\"og:image:width\" content=\"362\" \/>\n\t<meta property=\"og:image:height\" content=\"388\" \/>\n<meta name=\"twitter:card\" content=\"summary_large_image\" \/>\n<meta name=\"twitter:label1\" content=\"Odhadovan\u00e1 doba \u010dten\u00ed\">\n\t<meta name=\"twitter:data1\" content=\"1 minuta\">\n<script type=\"application\/ld+json\" class=\"yoast-schema-graph\">{\"@context\":\"https:\/\/schema.org\",\"@graph\":[{\"@type\":\"WebSite\",\"@id\":\"https:\/\/elexim.net\/specialni-aplikace\/#website\",\"url\":\"https:\/\/elexim.net\/specialni-aplikace\/\",\"name\":\"ELEXIM - Speci\\u00e1ln\\u00ed aplikace\",\"description\":\"Aplikace do n\\u00e1ro\\u010dn\\u00fdch a velmi specifick\\u00fdch prost\\u0159ed\\u00ed\",\"potentialAction\":[{\"@type\":\"SearchAction\",\"target\":\"https:\/\/elexim.net\/specialni-aplikace\/?s={search_term_string}\",\"query-input\":\"required name=search_term_string\"}],\"inLanguage\":\"cs\"},{\"@type\":\"ImageObject\",\"@id\":\"https:\/\/elexim.net\/specialni-aplikace\/mafelec-petercem\/#primaryimage\",\"inLanguage\":\"cs\",\"url\":\"https:\/\/elexim.net\/specialni-aplikace\/wp-content\/uploads\/sites\/6\/2019\/03\/mafelec.png\",\"contentUrl\":\"https:\/\/elexim.net\/specialni-aplikace\/wp-content\/uploads\/sites\/6\/2019\/03\/mafelec.png\",\"width\":362,\"height\":388},{\"@type\":\"WebPage\",\"@id\":\"https:\/\/elexim.net\/specialni-aplikace\/mafelec-petercem\/#webpage\",\"url\":\"https:\/\/elexim.net\/specialni-aplikace\/mafelec-petercem\/\",\"name\":\"Mafelec &amp; Petercem - ELEXIM - Speci\\u00e1ln\\u00ed aplikace\",\"isPartOf\":{\"@id\":\"https:\/\/elexim.net\/specialni-aplikace\/#website\"},\"primaryImageOfPage\":{\"@id\":\"https:\/\/elexim.net\/specialni-aplikace\/mafelec-petercem\/#primaryimage\"},\"datePublished\":\"2019-03-28T10:29:20+00:00\",\"dateModified\":\"2020-04-07T09:50:34+00:00\",\"breadcrumb\":{\"@id\":\"https:\/\/elexim.net\/specialni-aplikace\/mafelec-petercem\/#breadcrumb\"},\"inLanguage\":\"cs\",\"potentialAction\":[{\"@type\":\"ReadAction\",\"target\":[\"https:\/\/elexim.net\/specialni-aplikace\/mafelec-petercem\/\"]}]},{\"@type\":\"BreadcrumbList\",\"@id\":\"https:\/\/elexim.net\/specialni-aplikace\/mafelec-petercem\/#breadcrumb\",\"itemListElement\":[{\"@type\":\"ListItem\",\"position\":1,\"item\":{\"@type\":\"WebPage\",\"@id\":\"https:\/\/elexim.net\/specialni-aplikace\/\",\"url\":\"https:\/\/elexim.net\/specialni-aplikace\/\",\"name\":\"Dom\\u016f\"}},{\"@type\":\"ListItem\",\"position\":2,\"item\":{\"@id\":\"https:\/\/elexim.net\/specialni-aplikace\/mafelec-petercem\/#webpage\"}}]}]}<\/script>\n<!-- \/ Yoast SEO plugin. -->","guten_post_layout_featured_media_urls":{"full":["https:\/\/elexim.net\/specialni-aplikace\/wp-content\/uploads\/sites\/6\/2019\/03\/mafelec.png",362,388,false],"thumbnail":["https:\/\/elexim.net\/specialni-aplikace\/wp-content\/uploads\/sites\/6\/2019\/03\/mafelec-150x150.png",150,150,true],"medium":["https:\/\/elexim.net\/specialni-aplikace\/wp-content\/uploads\/sites\/6\/2019\/03\/mafelec-280x300.png",280,300,true],"medium_large":["https:\/\/elexim.net\/specialni-aplikace\/wp-content\/uploads\/sites\/6\/2019\/03\/mafelec.png",362,388,false],"large":["https:\/\/elexim.net\/specialni-aplikace\/wp-content\/uploads\/sites\/6\/2019\/03\/mafelec.png",362,388,false],"1536x1536":["https:\/\/elexim.net\/specialni-aplikace\/wp-content\/uploads\/sites\/6\/2019\/03\/mafelec.png",362,388,false],"2048x2048":["https:\/\/elexim.net\/specialni-aplikace\/wp-content\/uploads\/sites\/6\/2019\/03\/mafelec.png",362,388,false],"produkt":["https:\/\/elexim.net\/specialni-aplikace\/wp-content\/uploads\/sites\/6\/2019\/03\/mafelec.png",362,388,false],"thumb":["https:\/\/elexim.net\/specialni-aplikace\/wp-content\/uploads\/sites\/6\/2019\/03\/mafelec-150x150.png",150,150,true],"header":["https:\/\/elexim.net\/specialni-aplikace\/wp-content\/uploads\/sites\/6\/2019\/03\/mafelec.png",362,388,false],"guten_post_layout_landscape_large":["https:\/\/elexim.net\/specialni-aplikace\/wp-content\/uploads\/sites\/6\/2019\/03\/mafelec.png",362,388,false],"guten_post_layout_portrait_large":["https:\/\/elexim.net\/specialni-aplikace\/wp-content\/uploads\/sites\/6\/2019\/03\/mafelec.png",362,388,false],"guten_post_layout_square_large":["https:\/\/elexim.net\/specialni-aplikace\/wp-content\/uploads\/sites\/6\/2019\/03\/mafelec.png",362,388,false],"guten_post_layout_landscape":["https:\/\/elexim.net\/specialni-aplikace\/wp-content\/uploads\/sites\/6\/2019\/03\/mafelec.png",362,388,false],"guten_post_layout_portrait":["https:\/\/elexim.net\/specialni-aplikace\/wp-content\/uploads\/sites\/6\/2019\/03\/mafelec.png",362,388,false],"guten_post_layout_square":["https:\/\/elexim.net\/specialni-aplikace\/wp-content\/uploads\/sites\/6\/2019\/03\/mafelec.png",362,388,false]},"_links":{"self":[{"href":"https:\/\/elexim.net\/specialni-aplikace\/wp-json\/wp\/v2\/pages\/148"}],"collection":[{"href":"https:\/\/elexim.net\/specialni-aplikace\/wp-json\/wp\/v2\/pages"}],"about":[{"href":"https:\/\/elexim.net\/specialni-aplikace\/wp-json\/wp\/v2\/types\/page"}],"author":[{"embeddable":true,"href":"https:\/\/elexim.net\/specialni-aplikace\/wp-json\/wp\/v2\/users\/1"}],"replies":[{"embeddable":true,"href":"https:\/\/elexim.net\/specialni-aplikace\/wp-json\/wp\/v2\/comments?post=148"}],"version-history":[{"count":41,"href":"https:\/\/elexim.net\/specialni-aplikace\/wp-json\/wp\/v2\/pages\/148\/revisions"}],"predecessor-version":[{"id":1478,"href":"https:\/\/elexim.net\/specialni-aplikace\/wp-json\/wp\/v2\/pages\/148\/revisions\/1478"}],"wp:featuredmedia":[{"embeddable":true,"href":"https:\/\/elexim.net\/specialni-aplikace\/wp-json\/wp\/v2\/media\/134"}],"wp:attachment":[{"href":"https:\/\/elexim.net\/specialni-aplikace\/wp-json\/wp\/v2\/media?parent=148"}],"curies":[{"name":"wp","href":"https:\/\/api.w.org\/{rel}","templated":true}]}}