{"id":152,"date":"2019-03-28T11:30:35","date_gmt":"2019-03-28T10:30:35","guid":{"rendered":"http:\/\/elexim.net\/specialni-aplikace\/?page_id=152"},"modified":"2020-04-07T11:29:43","modified_gmt":"2020-04-07T09:29:43","slug":"hargitai-atex","status":"publish","type":"page","link":"https:\/\/elexim.net\/specialni-aplikace\/hargitai-atex\/","title":{"rendered":"Hargitai (ATEX)"},"content":{"rendered":"\n<p>Firma <strong>Hargitai se zab\u00fdv\u00e1 zak\u00e1zkovou v\u00fdrobou<\/strong> do prost\u0159ed\u00ed s nebezpe\u010d\u00edm v\u00fdbuchu. V\u0161echny \u0159ady pr\u016fchodek jsou opat\u0159eny certifik\u00e1ty. vybran\u00e9 \u0159ady jsou ur\u010deny pro dodate\u010dnou ochranu pomoc\u00ed panc\u00e9\u0159ov\u00e1n\u00ed nebo v podob\u011b EMC ochrany.<\/p>\n\n\n\n<p>Dle po\u017eadavku lze v\u0161echny pr\u016fchodky dodat s&nbsp;metrick\u00fdm z\u00e1vitem nebo v&nbsp;proveden\u00e9 NPT a PG.<\/p>\n\n\n\n<p>Od roku 2017 p\u016fsob\u00ed spole\u010dnost <strong>ELEXIM jako v\u00fdhradn\u00ed distributor.<\/strong><\/p>\n\n\n\n<p><em><div class=\"loga\">\n\n  \n\n<div class=\"row\">\n    <div class=\"logasl owl-carousel owl-theme\">\n   \n        <div class=\"item\">\n            <img src=\"https:\/\/elexim.net\/specialni-aplikace\/wp-content\/uploads\/sites\/6\/2020\/02\/Sni\u0301mka-obrazovky-2020-02-25-o-23.41.15.png\" alt=\"\">\n                    <\/div>\n        \n     \n    <\/div>\n<\/div>\n<\/div>\n \n    \n<\/em><\/p>\n","protected":false},"excerpt":{"rendered":"<p>Firma Hargitai se zab\u00fdv\u00e1 zak\u00e1zkovou v\u00fdrobou do prost\u0159ed\u00ed s nebezpe\u010d\u00edm v\u00fdbuchu. V\u0161echny \u0159ady pr\u016fchodek jsou opat\u0159eny certifik\u00e1ty. vybran\u00e9 \u0159ady jsou ur\u010deny pro dodate\u010dnou ochranu pomoc\u00ed panc\u00e9\u0159ov\u00e1n\u00ed nebo v podob\u011b EMC&nbsp;&#8230;<\/p>\n","protected":false},"author":1,"featured_media":749,"parent":0,"menu_order":0,"comment_status":"closed","ping_status":"closed","template":"produkty.php","meta":[],"yoast_head":"<!-- This site is optimized with the Yoast SEO plugin v16.2 - https:\/\/yoast.com\/wordpress\/plugins\/seo\/ -->\n<meta name=\"robots\" content=\"index, follow, max-snippet:-1, max-image-preview:large, max-video-preview:-1\" \/>\n<link rel=\"canonical\" href=\"https:\/\/elexim.net\/specialni-aplikace\/hargitai-atex\/\" \/>\n<meta property=\"og:locale\" content=\"cs_CZ\" \/>\n<meta property=\"og:type\" content=\"article\" \/>\n<meta property=\"og:title\" content=\"Hargitai (ATEX) - ELEXIM - Speci\u00e1ln\u00ed aplikace\" \/>\n<meta property=\"og:description\" content=\"Firma Hargitai se zab\u00fdv\u00e1 zak\u00e1zkovou v\u00fdrobou do prost\u0159ed\u00ed s nebezpe\u010d\u00edm v\u00fdbuchu. V\u0161echny \u0159ady pr\u016fchodek jsou opat\u0159eny certifik\u00e1ty. vybran\u00e9 \u0159ady jsou ur\u010deny pro dodate\u010dnou ochranu pomoc\u00ed panc\u00e9\u0159ov\u00e1n\u00ed nebo v podob\u011b EMC&nbsp;...\" \/>\n<meta property=\"og:url\" content=\"https:\/\/elexim.net\/specialni-aplikace\/hargitai-atex\/\" \/>\n<meta property=\"og:site_name\" content=\"ELEXIM - Speci\u00e1ln\u00ed aplikace\" \/>\n<meta property=\"article:modified_time\" content=\"2020-04-07T09:29:43+00:00\" \/>\n<meta property=\"og:image\" content=\"https:\/\/elexim.net\/specialni-aplikace\/wp-content\/uploads\/sites\/6\/2019\/06\/img324.jpg\" \/>\n\t<meta property=\"og:image:width\" content=\"668\" \/>\n\t<meta property=\"og:image:height\" content=\"289\" \/>\n<meta name=\"twitter:card\" content=\"summary_large_image\" \/>\n<script type=\"application\/ld+json\" class=\"yoast-schema-graph\">{\"@context\":\"https:\/\/schema.org\",\"@graph\":[{\"@type\":\"WebSite\",\"@id\":\"https:\/\/elexim.net\/specialni-aplikace\/#website\",\"url\":\"https:\/\/elexim.net\/specialni-aplikace\/\",\"name\":\"ELEXIM - Speci\\u00e1ln\\u00ed aplikace\",\"description\":\"Aplikace do n\\u00e1ro\\u010dn\\u00fdch a velmi specifick\\u00fdch prost\\u0159ed\\u00ed\",\"potentialAction\":[{\"@type\":\"SearchAction\",\"target\":\"https:\/\/elexim.net\/specialni-aplikace\/?s={search_term_string}\",\"query-input\":\"required name=search_term_string\"}],\"inLanguage\":\"cs\"},{\"@type\":\"ImageObject\",\"@id\":\"https:\/\/elexim.net\/specialni-aplikace\/hargitai-atex\/#primaryimage\",\"inLanguage\":\"cs\",\"url\":\"https:\/\/elexim.net\/specialni-aplikace\/wp-content\/uploads\/sites\/6\/2019\/06\/img324.jpg\",\"contentUrl\":\"https:\/\/elexim.net\/specialni-aplikace\/wp-content\/uploads\/sites\/6\/2019\/06\/img324.jpg\",\"width\":668,\"height\":289},{\"@type\":\"WebPage\",\"@id\":\"https:\/\/elexim.net\/specialni-aplikace\/hargitai-atex\/#webpage\",\"url\":\"https:\/\/elexim.net\/specialni-aplikace\/hargitai-atex\/\",\"name\":\"Hargitai (ATEX) - ELEXIM - Speci\\u00e1ln\\u00ed aplikace\",\"isPartOf\":{\"@id\":\"https:\/\/elexim.net\/specialni-aplikace\/#website\"},\"primaryImageOfPage\":{\"@id\":\"https:\/\/elexim.net\/specialni-aplikace\/hargitai-atex\/#primaryimage\"},\"datePublished\":\"2019-03-28T10:30:35+00:00\",\"dateModified\":\"2020-04-07T09:29:43+00:00\",\"breadcrumb\":{\"@id\":\"https:\/\/elexim.net\/specialni-aplikace\/hargitai-atex\/#breadcrumb\"},\"inLanguage\":\"cs\",\"potentialAction\":[{\"@type\":\"ReadAction\",\"target\":[\"https:\/\/elexim.net\/specialni-aplikace\/hargitai-atex\/\"]}]},{\"@type\":\"BreadcrumbList\",\"@id\":\"https:\/\/elexim.net\/specialni-aplikace\/hargitai-atex\/#breadcrumb\",\"itemListElement\":[{\"@type\":\"ListItem\",\"position\":1,\"item\":{\"@type\":\"WebPage\",\"@id\":\"https:\/\/elexim.net\/specialni-aplikace\/\",\"url\":\"https:\/\/elexim.net\/specialni-aplikace\/\",\"name\":\"Dom\\u016f\"}},{\"@type\":\"ListItem\",\"position\":2,\"item\":{\"@id\":\"https:\/\/elexim.net\/specialni-aplikace\/hargitai-atex\/#webpage\"}}]}]}<\/script>\n<!-- \/ Yoast SEO plugin. -->","guten_post_layout_featured_media_urls":{"full":["https:\/\/elexim.net\/specialni-aplikace\/wp-content\/uploads\/sites\/6\/2019\/06\/img324.jpg",668,289,false],"thumbnail":["https:\/\/elexim.net\/specialni-aplikace\/wp-content\/uploads\/sites\/6\/2019\/06\/img324-150x150.jpg",150,150,true],"medium":["https:\/\/elexim.net\/specialni-aplikace\/wp-content\/uploads\/sites\/6\/2019\/06\/img324-300x130.jpg",300,130,true],"medium_large":["https:\/\/elexim.net\/specialni-aplikace\/wp-content\/uploads\/sites\/6\/2019\/06\/img324.jpg",668,289,false],"large":["https:\/\/elexim.net\/specialni-aplikace\/wp-content\/uploads\/sites\/6\/2019\/06\/img324.jpg",668,289,false],"1536x1536":["https:\/\/elexim.net\/specialni-aplikace\/wp-content\/uploads\/sites\/6\/2019\/06\/img324.jpg",668,289,false],"2048x2048":["https:\/\/elexim.net\/specialni-aplikace\/wp-content\/uploads\/sites\/6\/2019\/06\/img324.jpg",668,289,false],"produkt":["https:\/\/elexim.net\/specialni-aplikace\/wp-content\/uploads\/sites\/6\/2019\/06\/img324.jpg",668,289,false],"thumb":["https:\/\/elexim.net\/specialni-aplikace\/wp-content\/uploads\/sites\/6\/2019\/06\/img324-150x150.jpg",150,150,true],"header":["https:\/\/elexim.net\/specialni-aplikace\/wp-content\/uploads\/sites\/6\/2019\/06\/img324.jpg",668,289,false],"guten_post_layout_landscape_large":["https:\/\/elexim.net\/specialni-aplikace\/wp-content\/uploads\/sites\/6\/2019\/06\/img324.jpg",668,289,false],"guten_post_layout_portrait_large":["https:\/\/elexim.net\/specialni-aplikace\/wp-content\/uploads\/sites\/6\/2019\/06\/img324.jpg",668,289,false],"guten_post_layout_square_large":["https:\/\/elexim.net\/specialni-aplikace\/wp-content\/uploads\/sites\/6\/2019\/06\/img324.jpg",668,289,false],"guten_post_layout_landscape":["https:\/\/elexim.net\/specialni-aplikace\/wp-content\/uploads\/sites\/6\/2019\/06\/img324.jpg",600,260,false],"guten_post_layout_portrait":["https:\/\/elexim.net\/specialni-aplikace\/wp-content\/uploads\/sites\/6\/2019\/06\/img324.jpg",600,260,false],"guten_post_layout_square":["https:\/\/elexim.net\/specialni-aplikace\/wp-content\/uploads\/sites\/6\/2019\/06\/img324.jpg",600,260,false]},"_links":{"self":[{"href":"https:\/\/elexim.net\/specialni-aplikace\/wp-json\/wp\/v2\/pages\/152"}],"collection":[{"href":"https:\/\/elexim.net\/specialni-aplikace\/wp-json\/wp\/v2\/pages"}],"about":[{"href":"https:\/\/elexim.net\/specialni-aplikace\/wp-json\/wp\/v2\/types\/page"}],"author":[{"embeddable":true,"href":"https:\/\/elexim.net\/specialni-aplikace\/wp-json\/wp\/v2\/users\/1"}],"replies":[{"embeddable":true,"href":"https:\/\/elexim.net\/specialni-aplikace\/wp-json\/wp\/v2\/comments?post=152"}],"version-history":[{"count":53,"href":"https:\/\/elexim.net\/specialni-aplikace\/wp-json\/wp\/v2\/pages\/152\/revisions"}],"predecessor-version":[{"id":1579,"href":"https:\/\/elexim.net\/specialni-aplikace\/wp-json\/wp\/v2\/pages\/152\/revisions\/1579"}],"wp:featuredmedia":[{"embeddable":true,"href":"https:\/\/elexim.net\/specialni-aplikace\/wp-json\/wp\/v2\/media\/749"}],"wp:attachment":[{"href":"https:\/\/elexim.net\/specialni-aplikace\/wp-json\/wp\/v2\/media?parent=152"}],"curies":[{"name":"wp","href":"https:\/\/api.w.org\/{rel}","templated":true}]}}