{"id":341,"date":"2019-05-04T11:22:49","date_gmt":"2019-05-04T09:22:49","guid":{"rendered":"http:\/\/elexim.net\/specialni-aplikace\/?page_id=341"},"modified":"2020-04-19T11:07:42","modified_gmt":"2020-04-19T09:07:42","slug":"registrace","status":"publish","type":"page","link":"https:\/\/elexim.net\/specialni-aplikace\/registrace\/","title":{"rendered":"Registrace"},"content":{"rendered":"\n\n \t<div class='ur-frontend-form  registrace' id='ur-frontend-form'>\n\t\t<form method='post' class='register'\n\t\t\t  data-enable-strength-password=\"no\" data-minimum-password-strength=\"3\" >\n\n\t\t\t\t\t\t\t\t\t<div class='ur-form-row'>\n\t\t\t\t\t\t\t\t\t\t\t\t\t\t\t\t<div class=\"ur-form-grid ur-grid-1\"\n\t\t\t\t\t\t\t\t\t\t\t style=\"width:99%\">\n\t\t\t\t\t\t\t\t\t\t\t\t\t\t\t\t\t\t\t\t\t\t\t\t<div class=\"ur-field-item field-first_name\">\n\t\t\t\t\t\t\t\t\t\t\t\t\t<p class=\"form-row \" id=\"first_name_field\" data-priority=\"\"><input data-rules=\"\" data-id=\"first_name\" type=\"text\" class=\"input-text input-text ur-frontend-field  \" name=\"first_name\" id=\"first_name\" placeholder=\"K\u0159estn\u00ed jm\u00e9no\"  value=\"\" data-label=\"Jm\u00e9no\" \/><\/p>\t\t\t\t\t\t\t\t\t\t\t\t\t\t\t<\/div>\n\t\t\t\t\t\t\t\t\t\t\t\t\t\t\t\t\t\t\t\t\t\t\t\t\t\t\t\t<div class=\"ur-field-item field-user_login\">\n\t\t\t\t\t\t\t\t\t\t\t\t\t<p class=\"form-row \" id=\"user_login_field\" data-priority=\"\"><input data-rules=\"\" data-id=\"user_login\" type=\"text\" class=\"input-text input-text ur-frontend-field  \" name=\"user_login\" id=\"user_login\" placeholder=\"U\u017eivatelsk\u00e9 jm\u00e9no*\"  value=\"\" data-label=\"Username\" \/><\/p>\t\t\t\t\t\t\t\t\t\t\t\t\t\t\t<\/div>\n\t\t\t\t\t\t\t\t\t\t\t\t\t\t\t\t\t\t\t\t\t\t\t\t\t\t\t\t<div class=\"ur-field-item field-user_email\">\n\t\t\t\t\t\t\t\t\t\t\t\t\t<p class=\"form-row validate-required\" id=\"user_email_field\" data-priority=\"\"><input data-rules=\"\" data-id=\"user_email\" type=\"email\" class=\"input-text input-email ur-frontend-field  \" name=\"user_email\" id=\"user_email\" placeholder=\"V\u00e1\u0161 email*\"  value=\"\" required=\"required\" data-label=\"Email\" \/><\/p>\t\t\t\t\t\t\t\t\t\t\t\t\t\t\t<\/div>\n\t\t\t\t\t\t\t\t\t\t\t\t\t\t\t\t\t\t\t\t\t\t\t\t\t\t\t\t<div class=\"ur-field-item field-user_pass\">\n\t\t\t\t\t\t\t\t\t\t\t\t\t<p class=\"form-row validate-required\" id=\"user_pass_field\" data-priority=\"\"><input data-rules=\"\" data-id=\"user_pass\" type=\"password\" class=\"input-text input-password ur-frontend-field  \" name=\"user_pass\" id=\"user_pass\" placeholder=\"Heslo*\"  value=\"\" required=\"required\" data-label=\"Heslo\" \/><\/p>\t\t\t\t\t\t\t\t\t\t\t\t\t\t\t<\/div>\n\t\t\t\t\t\t\t\t\t\t\t\t\t\t\t\t\t\t\t\t\t\t\t\t\t\t\t\t<div class=\"ur-field-item field-privacy_policy\">\n\t\t\t\t\t\t\t\t\t\t\t\t\t<p class=\"form-row validate-required\" id=\"privacy_policy_1557738539_field\" data-priority=\"\"><label class=\"checkbox required=\"required\" data-label=\"Souhlas\u00edm s podm\u00ednkami registrace na webu ELEXIM.NET\"\">\n\t\t\t\t\t\t\t<input data-rules=\"\" data-id=\"privacy_policy_1557738539\" required=\"required\" data-label=\"Souhlas\u00edm s podm\u00ednkami registrace na webu ELEXIM.NET\" data-value=\"\" type=\"checkbox\" class=\"input-checkbox ur-frontend-field \" name=\"privacy_policy_1557738539\" id=\"privacy_policy_1557738539\" value=\"1\"  \/>  <abbr class=\"required\" title=\"povinn\u00e9\">*<\/abbr><\/label><span class=\"description\">Souhlas\u00edm s podm\u00ednkami registrace na webu ELEXIM.NET<\/span><\/p>\t\t\t\t\t\t\t\t\t\t\t\t\t\t\t<\/div>\n\t\t\t\t\t\t\t\t\t\t\t\t\t\t\t\t\t\t\t\t\t\t\t<\/div>\n\t\t\t\t\t\t\t\t\t\t\t\t\t\t\t<\/div>\n\t\t\t\t\t\t\t\t\t\t\t\t\t\t\t\t<button type=\"submit\" class=\"btn button ur-submit-button\">\n\t\t\t\t\t\t\t<span><\/span>\n\t\t\t\t\t\t\tRegistrovat\t\t\t\t\t\t<\/button>\n\n\t\t\t\t\t\n\t\t\t<div style=\"clear:both\"><\/div>\n\t\t\t<input type=\"hidden\" name=\"ur-user-form-id\" value=\"726\"\/>\n\t\t\t<input type=\"hidden\" name=\"ur-redirect-url\" value=\"\"\/>\n\t\t\t<input type=\"hidden\" id=\"ur_frontend_form_nonce\" name=\"ur_frontend_form_nonce\" value=\"fb1346d7fe\" \/>\t\t<\/form>\n\n\t\t<div style=\"clear:both\"><\/div>\n\t<\/div>\n\n\n\n","protected":false},"excerpt":{"rendered":"","protected":false},"author":1,"featured_media":0,"parent":0,"menu_order":0,"comment_status":"closed","ping_status":"closed","template":"","meta":[],"yoast_head":"<!-- This site is optimized with the Yoast SEO plugin v16.2 - https:\/\/yoast.com\/wordpress\/plugins\/seo\/ -->\n<meta name=\"robots\" content=\"index, follow, max-snippet:-1, max-image-preview:large, max-video-preview:-1\" \/>\n<link rel=\"canonical\" href=\"https:\/\/elexim.net\/specialni-aplikace\/registrace\/\" \/>\n<meta property=\"og:locale\" content=\"cs_CZ\" \/>\n<meta property=\"og:type\" content=\"article\" \/>\n<meta property=\"og:title\" content=\"Registrace - ELEXIM - Speci\u00e1ln\u00ed aplikace\" \/>\n<meta property=\"og:url\" content=\"https:\/\/elexim.net\/specialni-aplikace\/registrace\/\" \/>\n<meta property=\"og:site_name\" content=\"ELEXIM - Speci\u00e1ln\u00ed aplikace\" \/>\n<meta property=\"article:modified_time\" content=\"2020-04-19T09:07:42+00:00\" \/>\n<meta name=\"twitter:card\" content=\"summary_large_image\" \/>\n<script type=\"application\/ld+json\" class=\"yoast-schema-graph\">{\"@context\":\"https:\/\/schema.org\",\"@graph\":[{\"@type\":\"WebSite\",\"@id\":\"https:\/\/elexim.net\/specialni-aplikace\/#website\",\"url\":\"https:\/\/elexim.net\/specialni-aplikace\/\",\"name\":\"ELEXIM - Speci\\u00e1ln\\u00ed aplikace\",\"description\":\"Aplikace do n\\u00e1ro\\u010dn\\u00fdch a velmi specifick\\u00fdch prost\\u0159ed\\u00ed\",\"potentialAction\":[{\"@type\":\"SearchAction\",\"target\":\"https:\/\/elexim.net\/specialni-aplikace\/?s={search_term_string}\",\"query-input\":\"required name=search_term_string\"}],\"inLanguage\":\"cs\"},{\"@type\":\"WebPage\",\"@id\":\"https:\/\/elexim.net\/specialni-aplikace\/registrace\/#webpage\",\"url\":\"https:\/\/elexim.net\/specialni-aplikace\/registrace\/\",\"name\":\"Registrace - ELEXIM - Speci\\u00e1ln\\u00ed aplikace\",\"isPartOf\":{\"@id\":\"https:\/\/elexim.net\/specialni-aplikace\/#website\"},\"datePublished\":\"2019-05-04T09:22:49+00:00\",\"dateModified\":\"2020-04-19T09:07:42+00:00\",\"breadcrumb\":{\"@id\":\"https:\/\/elexim.net\/specialni-aplikace\/registrace\/#breadcrumb\"},\"inLanguage\":\"cs\",\"potentialAction\":[{\"@type\":\"ReadAction\",\"target\":[\"https:\/\/elexim.net\/specialni-aplikace\/registrace\/\"]}]},{\"@type\":\"BreadcrumbList\",\"@id\":\"https:\/\/elexim.net\/specialni-aplikace\/registrace\/#breadcrumb\",\"itemListElement\":[{\"@type\":\"ListItem\",\"position\":1,\"item\":{\"@type\":\"WebPage\",\"@id\":\"https:\/\/elexim.net\/specialni-aplikace\/\",\"url\":\"https:\/\/elexim.net\/specialni-aplikace\/\",\"name\":\"Dom\\u016f\"}},{\"@type\":\"ListItem\",\"position\":2,\"item\":{\"@id\":\"https:\/\/elexim.net\/specialni-aplikace\/registrace\/#webpage\"}}]}]}<\/script>\n<!-- \/ Yoast SEO plugin. -->","guten_post_layout_featured_media_urls":{"full":false,"thumbnail":false,"medium":false,"medium_large":false,"large":false,"1536x1536":false,"2048x2048":false,"produkt":false,"thumb":false,"header":false,"guten_post_layout_landscape_large":false,"guten_post_layout_portrait_large":false,"guten_post_layout_square_large":false,"guten_post_layout_landscape":false,"guten_post_layout_portrait":false,"guten_post_layout_square":false},"_links":{"self":[{"href":"https:\/\/elexim.net\/specialni-aplikace\/wp-json\/wp\/v2\/pages\/341"}],"collection":[{"href":"https:\/\/elexim.net\/specialni-aplikace\/wp-json\/wp\/v2\/pages"}],"about":[{"href":"https:\/\/elexim.net\/specialni-aplikace\/wp-json\/wp\/v2\/types\/page"}],"author":[{"embeddable":true,"href":"https:\/\/elexim.net\/specialni-aplikace\/wp-json\/wp\/v2\/users\/1"}],"replies":[{"embeddable":true,"href":"https:\/\/elexim.net\/specialni-aplikace\/wp-json\/wp\/v2\/comments?post=341"}],"version-history":[{"count":5,"href":"https:\/\/elexim.net\/specialni-aplikace\/wp-json\/wp\/v2\/pages\/341\/revisions"}],"predecessor-version":[{"id":1496,"href":"https:\/\/elexim.net\/specialni-aplikace\/wp-json\/wp\/v2\/pages\/341\/revisions\/1496"}],"wp:attachment":[{"href":"https:\/\/elexim.net\/specialni-aplikace\/wp-json\/wp\/v2\/media?parent=341"}],"curies":[{"name":"wp","href":"https:\/\/api.w.org\/{rel}","templated":true}]}}