{"id":97,"date":"2019-03-27T18:34:53","date_gmt":"2019-03-27T17:34:53","guid":{"rendered":"http:\/\/elexim.net\/elektromobilita\/?page_id=97"},"modified":"2021-08-17T15:10:35","modified_gmt":"2021-08-17T13:10:35","slug":"reseni-emobility","status":"publish","type":"page","link":"https:\/\/elexim.net\/specialni-aplikace\/","title":{"rendered":"Divize Speci\u00e1ln\u00edch aplikac\u00ed"},"content":{"rendered":"\n<h2>Specializujeme se na aplikace do n\u00e1ro\u010dn\u00fdch a velmi specifick\u00fdch prost\u0159ed\u00ed. <\/h2>\n\n\n\n<p class=\"has-text-align-center\">D\u016fraz na kvalitu, podporu a dlouholet\u00e9 partnerstv\u00ed je je z\u00e1kladn\u00edm po\u017eadavkem v\u0161ech projekt\u016f.<\/p>\n\n\n\n<h2 id=\"mce_19\"><strong><br>Secure Meters (CEWE)<\/strong><\/h2>\n\n\n\n<p> Ucelen\u00e9 portfolio elektrom\u011br\u016f, analogov\u00fdch a digit\u00e1ln\u00edch panelov\u00fdch p\u0159\u00edstroj\u016f, programovateln\u00fdch p\u0159evodn\u00edk\u016f nab\u00edz\u00ed kompletn\u00ed a modern\u00ed \u0159e\u0161en\u00ed pro m\u011b\u0159en\u00ed energi\u00ed na v\u0161ech \u00farovn\u00edch. Software umo\u017e\u0148uje sb\u011br dat a jejich zpracov\u00e1n\u00ed s n\u00e1slednou prezentac\u00ed v\u010detn\u011b n\u00e1stroj\u016f pro komunikaci a vzd\u00e1lenou spr\u00e1vu.<\/p>\n\n\n\n<p>Podpora protokol\u016f pro vzd\u00e1lenou komunikaci a automatizaci \u0161et\u0159\u00ed \u010das i pen\u00edze.<\/p>\n\n\n\n<div class=\"loga-app\">\n<div class=\"logo\"><img src=\"\/wp-content\/uploads\/sites\/6\/2020\/02\/Sni\u0301mka-obrazovky-2020-02-25-o-23.42.24.png\" alt=\"\"><\/div>\n<\/div>\n\n\n\n<hr class=\"wp-block-separator\"\/>\n\n\n\n<h2 id=\"mce_21\"><strong>Program pro jadernou energetiku<\/strong><\/h2>\n\n\n\n<p>Program v\u00fdrobk\u016f kvalifikovan\u00fdch pro nasazen\u00ed v r\u00e1mci jadern\u00e9\nelektr\u00e1rny v&nbsp; r\u00e1mci syst\u00e9mu kontroly a\nza\u0159\u00edzen\u00ed. <\/p>\n\n\n\n<p>V\u00fdstupem je ucelen\u00e1 realizace projektu v\u010detn\u011b technick\u00e9\nspecifikace, zaji\u0161t\u011bn\u00ed pot\u0159ebn\u00e9 certifikace a dokumentace.<\/p>\n\n\n\n<hr class=\"wp-block-separator\"\/>\n\n\n\n<h2 id=\"mce_23\"><strong>NOJA Power<\/strong><\/h2>\n\n\n\n<p>Robustn\u00ed a spolehliv\u00fd Autorecloser pro s\u00edt\u011b vysok\u00e9ho nap\u011bt\u00ed do 38kV. Syst\u00e9m zahrnuje i sadu pokro\u010dil\u00fdch softwarov\u00fdch n\u00e1stroj\u016f pro \u0159\u00edzen\u00ed a monitorov\u00e1n\u00ed s\u00edt\u00ed, vyhodnocov\u00e1n\u00ed spolehlivosti a implementaci logick\u00fdch pravidel a \u0159et\u011bzc\u016f p\u0159\u00ed tvorb\u011b autonomn\u00edch s\u00edt\u00ed.<\/p>\n\n\n\n<div class=\"loga-app\">\n<div class=\"logo\" style=\"height: 80px\"><img src=\"\/wp-content\/uploads\/sites\/6\/2020\/02\/noja_power.png\" alt=\"\"><\/div>\n<\/div>\n\n\n\n<hr class=\"wp-block-separator\"\/>\n\n\n\n<h2 id=\"mce_25\"><strong>Mafelec &amp; Petercem &amp; Stopcircuit<\/strong><\/h2>\n\n\n\n<p>Skupina Mafelec, Petercem, Stopcircuit a nov\u011b i Petercem Sensors nab\u00edz\u00ed portfolio odoln\u00fdch a spolehliv\u00fdch mikrosp\u00edna\u010d\u016f, jisti\u010d\u016f, tla\u010d\u00edtek, senzor\u016f a dal\u0161\u00edho p\u0159\u00edslu\u0161enstv\u00ed pro r\u016fznorod\u00e9 aplikace a n\u00e1ro\u010dn\u00e1 prost\u0159ed\u00ed. <\/p>\n\n\n\n<p>Oblast nasazen\u00ed zahrnuje klasickou a jadernou energetiku, vojenstv\u00ed a ostatn\u00ed pr\u016fmyslov\u00e9 vyu\u017eit\u00ed.<\/p>\n\n\n\n<div class=\"loga-app\">\n<div class=\"logo\"><img src=\"\/wp-content\/uploads\/sites\/6\/2020\/02\/Sni%CC%81mka-obrazovky-2020-02-25-o-23.41.45.png\" alt=\"\"><\/div>\n<div class=\"logo\"><img src=\"\/wp-content\/uploads\/sites\/6\/2020\/02\/Sni%CC%81mka-obrazovky-2020-02-25-o-23.41.37.png\" alt=\"\"><\/div>\n<div class=\"logo\"><img src=\"\/wp-content\/uploads\/sites\/6\/2020\/02\/Sni%CC%81mka-obrazovky-2020-02-25-o-23.41.28.png\" alt=\"\"><\/div>\n<\/div>\n\n\n\n<hr class=\"wp-block-separator\"\/>\n\n\n\n<h2 id=\"mce_27\"><strong>Hargitai<\/strong><\/h2>\n\n\n\n<p>Nerezov\u00e9 pr\u016fchody s certifikac\u00ed do prost\u0159ed\u00ed se zv\u00fd\u0161en\u00fdm nebezpe\u010d\u00edm v\u00fdbuchu (Ex \/ ATEX). Vybran\u00e9 \u0159ady jsou v\u010detn\u011b ov\u011b\u0159en\u00ed EMC kompatibility a panc\u00e9\u0159ov\u00e9 ochrany kabelu. <\/p>\n\n\n\n<p>Pr\u016fchodky lze vyrobit i v&nbsp;nestandardn\u00edm proveden\u00ed do celkov\u00e9ho pr\u016fm\u011bru 200mm.<\/p>\n\n\n\n<div class=\"loga-app\">\n<div class=\"logo\"><img src=\"\/wp-content\/uploads\/sites\/6\/2019\/06\/img324.jpg\" alt=\"\"><\/div>\n<div class=\"logo\"><img src=\"\/wp-content\/uploads\/sites\/6\/2020\/02\/Sni\u0301mka-obrazovky-2020-02-25-o-23.41.15.png\" alt=\"\"><\/div>\n<\/div>\n","protected":false},"excerpt":{"rendered":"<p>Specializujeme se na aplikace do n\u00e1ro\u010dn\u00fdch a velmi specifick\u00fdch prost\u0159ed\u00ed. D\u016fraz na kvalitu, podporu a dlouholet\u00e9 partnerstv\u00ed je je z\u00e1kladn\u00edm po\u017eadavkem v\u0161ech projekt\u016f. Secure Meters (CEWE) Ucelen\u00e9 portfolio elektrom\u011br\u016f, analogov\u00fdch&nbsp;&#8230;<\/p>\n","protected":false},"author":1,"featured_media":0,"parent":0,"menu_order":0,"comment_status":"closed","ping_status":"closed","template":"index.php","meta":[],"yoast_head":"<!-- This site is optimized with the Yoast SEO plugin v16.2 - https:\/\/yoast.com\/wordpress\/plugins\/seo\/ -->\n<meta name=\"robots\" content=\"index, follow, max-snippet:-1, max-image-preview:large, max-video-preview:-1\" \/>\n<link rel=\"canonical\" href=\"https:\/\/elexim.net\/specialni-aplikace\/\" \/>\n<meta property=\"og:locale\" content=\"cs_CZ\" \/>\n<meta property=\"og:type\" content=\"article\" \/>\n<meta property=\"og:title\" content=\"Divize Speci\u00e1ln\u00edch aplikac\u00ed - ELEXIM - Speci\u00e1ln\u00ed aplikace\" \/>\n<meta property=\"og:description\" content=\"Specializujeme se na aplikace do n\u00e1ro\u010dn\u00fdch a velmi specifick\u00fdch prost\u0159ed\u00ed. D\u016fraz na kvalitu, podporu a dlouholet\u00e9 partnerstv\u00ed je je z\u00e1kladn\u00edm po\u017eadavkem v\u0161ech projekt\u016f. Secure Meters (CEWE) Ucelen\u00e9 portfolio elektrom\u011br\u016f, analogov\u00fdch&nbsp;...\" \/>\n<meta property=\"og:url\" content=\"https:\/\/elexim.net\/specialni-aplikace\/\" \/>\n<meta property=\"og:site_name\" content=\"ELEXIM - Speci\u00e1ln\u00ed aplikace\" \/>\n<meta property=\"article:modified_time\" content=\"2021-08-17T13:10:35+00:00\" \/>\n<meta property=\"og:image\" content=\"https:\/\/elexim.net\/wp-content\/uploads\/sites\/6\/2020\/02\/Sni\u0301mka-obrazovky-2020-02-25-o-23.42.24.png\" \/>\n<meta name=\"twitter:card\" content=\"summary_large_image\" \/>\n<meta name=\"twitter:label1\" content=\"Odhadovan\u00e1 doba \u010dten\u00ed\">\n\t<meta name=\"twitter:data1\" content=\"3 minuty\">\n<script type=\"application\/ld+json\" class=\"yoast-schema-graph\">{\"@context\":\"https:\/\/schema.org\",\"@graph\":[{\"@type\":\"WebSite\",\"@id\":\"https:\/\/elexim.net\/specialni-aplikace\/#website\",\"url\":\"https:\/\/elexim.net\/specialni-aplikace\/\",\"name\":\"ELEXIM - Speci\\u00e1ln\\u00ed aplikace\",\"description\":\"Aplikace do n\\u00e1ro\\u010dn\\u00fdch a velmi specifick\\u00fdch prost\\u0159ed\\u00ed\",\"potentialAction\":[{\"@type\":\"SearchAction\",\"target\":\"https:\/\/elexim.net\/specialni-aplikace\/?s={search_term_string}\",\"query-input\":\"required name=search_term_string\"}],\"inLanguage\":\"cs\"},{\"@type\":\"ImageObject\",\"@id\":\"https:\/\/elexim.net\/specialni-aplikace\/#primaryimage\",\"inLanguage\":\"cs\",\"url\":\"\/wp-content\/uploads\/sites\/6\/2020\/02\/Sni\\u0301mka-obrazovky-2020-02-25-o-23.42.24.png\",\"contentUrl\":\"\/wp-content\/uploads\/sites\/6\/2020\/02\/Sni\\u0301mka-obrazovky-2020-02-25-o-23.42.24.png\"},{\"@type\":\"WebPage\",\"@id\":\"https:\/\/elexim.net\/specialni-aplikace\/#webpage\",\"url\":\"https:\/\/elexim.net\/specialni-aplikace\/\",\"name\":\"Divize Speci\\u00e1ln\\u00edch aplikac\\u00ed - ELEXIM - Speci\\u00e1ln\\u00ed aplikace\",\"isPartOf\":{\"@id\":\"https:\/\/elexim.net\/specialni-aplikace\/#website\"},\"primaryImageOfPage\":{\"@id\":\"https:\/\/elexim.net\/specialni-aplikace\/#primaryimage\"},\"datePublished\":\"2019-03-27T17:34:53+00:00\",\"dateModified\":\"2021-08-17T13:10:35+00:00\",\"breadcrumb\":{\"@id\":\"https:\/\/elexim.net\/specialni-aplikace\/#breadcrumb\"},\"inLanguage\":\"cs\",\"potentialAction\":[{\"@type\":\"ReadAction\",\"target\":[\"https:\/\/elexim.net\/specialni-aplikace\/\"]}]},{\"@type\":\"BreadcrumbList\",\"@id\":\"https:\/\/elexim.net\/specialni-aplikace\/#breadcrumb\",\"itemListElement\":[{\"@type\":\"ListItem\",\"position\":1,\"item\":{\"@type\":\"WebPage\",\"@id\":\"https:\/\/elexim.net\/specialni-aplikace\/\",\"url\":\"https:\/\/elexim.net\/specialni-aplikace\/\",\"name\":\"Dom\\u016f\"}},{\"@type\":\"ListItem\",\"position\":2,\"item\":{\"@id\":\"https:\/\/elexim.net\/specialni-aplikace\/#webpage\"}}]}]}<\/script>\n<!-- \/ Yoast SEO plugin. -->","guten_post_layout_featured_media_urls":{"full":false,"thumbnail":false,"medium":false,"medium_large":false,"large":false,"1536x1536":false,"2048x2048":false,"produkt":false,"thumb":false,"header":false,"guten_post_layout_landscape_large":false,"guten_post_layout_portrait_large":false,"guten_post_layout_square_large":false,"guten_post_layout_landscape":false,"guten_post_layout_portrait":false,"guten_post_layout_square":false},"_links":{"self":[{"href":"https:\/\/elexim.net\/specialni-aplikace\/wp-json\/wp\/v2\/pages\/97"}],"collection":[{"href":"https:\/\/elexim.net\/specialni-aplikace\/wp-json\/wp\/v2\/pages"}],"about":[{"href":"https:\/\/elexim.net\/specialni-aplikace\/wp-json\/wp\/v2\/types\/page"}],"author":[{"embeddable":true,"href":"https:\/\/elexim.net\/specialni-aplikace\/wp-json\/wp\/v2\/users\/1"}],"replies":[{"embeddable":true,"href":"https:\/\/elexim.net\/specialni-aplikace\/wp-json\/wp\/v2\/comments?post=97"}],"version-history":[{"count":53,"href":"https:\/\/elexim.net\/specialni-aplikace\/wp-json\/wp\/v2\/pages\/97\/revisions"}],"predecessor-version":[{"id":1570,"href":"https:\/\/elexim.net\/specialni-aplikace\/wp-json\/wp\/v2\/pages\/97\/revisions\/1570"}],"wp:attachment":[{"href":"https:\/\/elexim.net\/specialni-aplikace\/wp-json\/wp\/v2\/media?parent=97"}],"curies":[{"name":"wp","href":"https:\/\/api.w.org\/{rel}","templated":true}]}}